{"id":332,"date":"2026-01-13T11:39:52","date_gmt":"2026-01-13T10:39:52","guid":{"rendered":"https:\/\/www.hoteldelavallee.com\/?page_id=332"},"modified":"2026-02-12T11:16:03","modified_gmt":"2026-02-12T10:16:03","slug":"our-events","status":"publish","type":"page","link":"https:\/\/www.hoteldelavallee.com\/en\/nos-evenements\/","title":{"rendered":"Our events"},"content":{"rendered":"<div data-elementor-type=\"wp-page\" data-elementor-id=\"332\" class=\"elementor elementor-332\" data-elementor-post-type=\"page\">\n\t\t\t\t<div class=\"elementor-element elementor-element-ed712dd e-flex e-con-boxed e-con e-parent\" data-id=\"ed712dd\" data-element_type=\"container\" data-e-type=\"container\" data-settings=\"{&quot;background_background&quot;:&quot;classic&quot;}\">\n\t\t\t\t\t<div class=\"e-con-inner\">\n\t\t<div class=\"elementor-element elementor-element-59f58c8 e-con-full e-flex e-con e-child\" data-id=\"59f58c8\" data-element_type=\"container\" data-e-type=\"container\">\n\t\t\t\t<div class=\"elementor-element elementor-element-3bac95e elementor-widget elementor-widget-text-editor\" data-id=\"3bac95e\" data-element_type=\"widget\" data-e-type=\"widget\" data-widget_type=\"text-editor.default\">\n\t\t\t\t<div class=\"elementor-widget-container\">\n\t\t\t\t\t\t\t\t\t<p>Hotel diary<\/p>\t\t\t\t\t\t\t\t<\/div>\n\t\t\t\t<\/div>\n\t\t\t\t<div class=\"elementor-element elementor-element-6d3abcd elementor-widget elementor-widget-heading\" data-id=\"6d3abcd\" data-element_type=\"widget\" data-e-type=\"widget\" data-widget_type=\"heading.default\">\n\t\t\t\t<div class=\"elementor-widget-container\">\n\t\t\t\t\t<h1 class=\"elementor-heading-title elementor-size-default\">What to do at our hotel in Dinard\n<\/h1>\t\t\t\t<\/div>\n\t\t\t\t<\/div>\n\t\t\t\t<div class=\"elementor-element elementor-element-a591f90 hero-arrow elementor-view-default elementor-widget elementor-widget-icon\" data-id=\"a591f90\" data-element_type=\"widget\" data-e-type=\"widget\" data-widget_type=\"icon.default\">\n\t\t\t\t<div class=\"elementor-widget-container\">\n\t\t\t\t\t\t\t<div class=\"elementor-icon-wrapper\">\n\t\t\t<a class=\"elementor-icon\" href=\"#introduction\">\n\t\t\t<svg xmlns=\"http:\/\/www.w3.org\/2000\/svg\" width=\"15\" height=\"8\" viewbox=\"0 0 15 8\" fill=\"none\"><path d=\"M0.5 0.5L7.02174 7.02174L13.5435 0.5\" stroke=\"white\" stroke-linecap=\"round\"><\/path><\/svg>\t\t\t<\/a>\n\t\t<\/div>\n\t\t\t\t\t\t<\/div>\n\t\t\t\t<\/div>\n\t\t\t\t<\/div>\n\t\t\t\t\t<\/div>\n\t\t\t\t<\/div>\n\t\t<div class=\"elementor-element elementor-element-9e50fec e-flex e-con-boxed e-con e-parent\" data-id=\"9e50fec\" data-element_type=\"container\" data-e-type=\"container\" id=\"introduction\">\n\t\t\t\t\t<div class=\"e-con-inner\">\n\t\t<div class=\"elementor-element elementor-element-f24dec0 e-con-full e-flex e-con e-child\" data-id=\"f24dec0\" data-element_type=\"container\" data-e-type=\"container\">\n\t\t\t\t<div class=\"elementor-element elementor-element-14621b7 animated-phrase elementor-widget elementor-widget-heading\" data-id=\"14621b7\" data-element_type=\"widget\" data-e-type=\"widget\" data-widget_type=\"heading.default\">\n\t\t\t\t<div class=\"elementor-widget-container\">\n\t\t\t\t\t<h2 class=\"elementor-heading-title elementor-size-default\">Encounters &amp; moments : La Vall\u00e9e, a place of inspiration in Dinard\n<\/h2>\t\t\t\t<\/div>\n\t\t\t\t<\/div>\n\t\t\t\t<\/div>\n\t\t<div class=\"elementor-element elementor-element-cc97a4d e-con-full e-flex e-con e-child\" data-id=\"cc97a4d\" data-element_type=\"container\" data-e-type=\"container\">\n\t\t\t\t<div class=\"elementor-element elementor-element-4665331 elementor-widget elementor-widget-text-editor\" data-id=\"4665331\" data-element_type=\"widget\" data-e-type=\"widget\" data-widget_type=\"text-editor.default\">\n\t\t\t\t<div class=\"elementor-widget-container\">\n\t\t\t\t\t\t\t\t\t<p>In Dinard, our events celebrate encounters: creative workshops, tastings, musical evenings and gourmet rendezvous designed to bring people together. In keeping with the Ar Collection spirit, we favor local collaborations with artists, winemakers and artisans, and warm, simple and inspiring formats. Every moment is designed to create links and reveal Brittany in a different way.<\/p><p>\u00a0<\/p><p><strong>Program to come!<\/strong><\/p>\t\t\t\t\t\t\t\t<\/div>\n\t\t\t\t<\/div>\n\t\t\t\t<\/div>\n\t\t\t\t\t<\/div>\n\t\t\t\t<\/div>\n\t\t<div class=\"elementor-element elementor-element-a0ad51f domaine-section_activites elementor-hidden-desktop elementor-hidden-laptop elementor-hidden-tablet_extra elementor-hidden-tablet elementor-hidden-mobile e-flex e-con-boxed e-con e-parent\" data-id=\"a0ad51f\" data-element_type=\"container\" data-e-type=\"container\">\n\t\t\t\t\t<div class=\"e-con-inner\">\n\t\t<div class=\"elementor-element elementor-element-e56fa6b e-con-full e-flex e-con e-child\" data-id=\"e56fa6b\" data-element_type=\"container\" data-e-type=\"container\">\n\t\t\t\t<div class=\"elementor-element elementor-element-f3e8631 elementor-widget elementor-widget-heading\" data-id=\"f3e8631\" data-element_type=\"widget\" data-e-type=\"widget\" data-widget_type=\"heading.default\">\n\t\t\t\t<div class=\"elementor-widget-container\">\n\t\t\t\t\t<span class=\"elementor-heading-title elementor-size-default\">The events<\/span>\t\t\t\t<\/div>\n\t\t\t\t<\/div>\n\t\t\t\t<div class=\"elementor-element elementor-element-0e06dc0 elementor-widget elementor-widget-heading\" data-id=\"0e06dc0\" data-element_type=\"widget\" data-e-type=\"widget\" data-widget_type=\"heading.default\">\n\t\t\t\t<div class=\"elementor-widget-container\">\n\t\t\t\t\t<h2 class=\"elementor-heading-title elementor-size-default\">coming soon<\/h2>\t\t\t\t<\/div>\n\t\t\t\t<\/div>\n\t\t\t\t<\/div>\n\t\t<div class=\"elementor-element elementor-element-f709504 e-grid e-con-full activites-grille e-con e-child\" data-id=\"f709504\" data-element_type=\"container\" data-e-type=\"container\">\n\t\t<div class=\"elementor-element elementor-element-9b1840b e-con-full activite-item e-flex e-con e-child\" data-id=\"9b1840b\" data-element_type=\"container\" data-e-type=\"container\" data-settings=\"{&quot;background_background&quot;:&quot;classic&quot;}\">\n\t\t\t\t<div class=\"elementor-element elementor-element-1cbb5b0 elementor-widget elementor-widget-heading\" data-id=\"1cbb5b0\" data-element_type=\"widget\" data-e-type=\"widget\" data-widget_type=\"heading.default\">\n\t\t\t\t<div class=\"elementor-widget-container\">\n\t\t\t\t\t<h2 class=\"elementor-heading-title elementor-size-default\">Oenology<\/h2>\t\t\t\t<\/div>\n\t\t\t\t<\/div>\n\t\t<div class=\"elementor-element elementor-element-01e4baf e-con-full wrapper-txt-hover e-flex e-con e-child\" data-id=\"01e4baf\" data-element_type=\"container\" data-e-type=\"container\">\n\t\t\t\t<div class=\"elementor-element elementor-element-b4d8746 elementor-widget__width-initial elementor-widget elementor-widget-text-editor\" data-id=\"b4d8746\" data-element_type=\"widget\" data-e-type=\"widget\" data-widget_type=\"text-editor.default\">\n\t\t\t\t<div class=\"elementor-widget-container\">\n\t\t\t\t\t\t\t\t\t<p>Share a convivial moment around wine, between sensory discoveries, exchanges and the pleasure of the terroir.<\/p>\t\t\t\t\t\t\t\t<\/div>\n\t\t\t\t<\/div>\n\t\t<a class=\"elementor-element elementor-element-8e68bfd e-con-full common-cta-container btn_white e-flex e-con e-child\" data-id=\"8e68bfd\" data-element_type=\"container\" data-e-type=\"container\">\n\t\t\t\t<div class=\"elementor-element elementor-element-26ebe19 common-cta-text elementor-widget elementor-widget-text-editor\" data-id=\"26ebe19\" data-element_type=\"widget\" data-e-type=\"widget\" data-widget_type=\"text-editor.default\">\n\t\t\t\t<div class=\"elementor-widget-container\">\n\t\t\t\t\t\t\t\t\t<p>Discover<\/p>\t\t\t\t\t\t\t\t<\/div>\n\t\t\t\t<\/div>\n\t\t\t\t<\/a>\n\t\t\t\t<\/div>\n\t\t\t\t<\/div>\n\t\t\t\t<\/div>\n\t\t\t\t\t<\/div>\n\t\t\t\t<\/div>\n\t\t<div class=\"elementor-element elementor-element-939a1a8 e-flex e-con-boxed e-con e-parent\" data-id=\"939a1a8\" data-element_type=\"container\" data-e-type=\"container\">\n\t\t\t\t\t<div class=\"e-con-inner\">\n\t\t<div class=\"elementor-element elementor-element-be60a95 e-con-full e-flex e-con e-child\" data-id=\"be60a95\" data-element_type=\"container\" data-e-type=\"container\">\n\t\t<div class=\"elementor-element elementor-element-2c842bf e-con-full e-flex e-con e-child\" data-id=\"2c842bf\" data-element_type=\"container\" data-e-type=\"container\">\n\t\t\t\t<div class=\"elementor-element elementor-element-cec440c elementor-widget elementor-widget-heading\" data-id=\"cec440c\" data-element_type=\"widget\" data-e-type=\"widget\" data-widget_type=\"heading.default\">\n\t\t\t\t<div class=\"elementor-widget-container\">\n\t\t\t\t\t<span class=\"elementor-heading-title elementor-size-default\">Seminars<\/span>\t\t\t\t<\/div>\n\t\t\t\t<\/div>\n\t\t<a class=\"elementor-element elementor-element-8044084 e-con-full common-cta-container e-flex e-con e-child\" data-id=\"8044084\" data-element_type=\"container\" data-e-type=\"container\" href=\"https:\/\/www.hoteldelavallee.com\/en\/seminaire\/\">\n\t\t\t\t<div class=\"elementor-element elementor-element-655d489 common-cta-text elementor-widget elementor-widget-text-editor\" data-id=\"655d489\" data-element_type=\"widget\" data-e-type=\"widget\" data-widget_type=\"text-editor.default\">\n\t\t\t\t<div class=\"elementor-widget-container\">\n\t\t\t\t\t\t\t\t\t<p>Discover<\/p>\t\t\t\t\t\t\t\t<\/div>\n\t\t\t\t<\/div>\n\t\t\t\t<\/a>\n\t\t\t\t<\/div>\n\t\t\t\t<div class=\"elementor-element elementor-element-868777b elementor-widget__width-initial elementor-widget-mobile__width-initial elementor-widget elementor-widget-image\" data-id=\"868777b\" data-element_type=\"widget\" data-e-type=\"widget\" data-widget_type=\"image.default\">\n\t\t\t\t<div class=\"elementor-widget-container\">\n\t\t\t\t\t\t\t\t\t\t\t\t\t\t\t<img fetchpriority=\"high\" decoding=\"async\" width=\"1365\" height=\"2048\" src=\"https:\/\/www.hoteldelavallee.com\/wp-content\/uploads\/2026\/02\/salon-hotel-la-vallee.jpg\" class=\"attachment-full size-full wp-image-2882\" alt=\"\" srcset=\"https:\/\/www.hoteldelavallee.com\/wp-content\/uploads\/2026\/02\/salon-hotel-la-vallee.jpg 1365w, https:\/\/www.hoteldelavallee.com\/wp-content\/uploads\/2026\/02\/salon-hotel-la-vallee-200x300.jpg 200w, https:\/\/www.hoteldelavallee.com\/wp-content\/uploads\/2026\/02\/salon-hotel-la-vallee-683x1024.jpg 683w, https:\/\/www.hoteldelavallee.com\/wp-content\/uploads\/2026\/02\/salon-hotel-la-vallee-768x1152.jpg 768w, https:\/\/www.hoteldelavallee.com\/wp-content\/uploads\/2026\/02\/salon-hotel-la-vallee-1024x1536.jpg 1024w, https:\/\/www.hoteldelavallee.com\/wp-content\/uploads\/2026\/02\/salon-hotel-la-vallee-8x12.jpg 8w\" sizes=\"(max-width: 1365px) 100vw, 1365px\" title=\"\">\t\t\t\t\t\t\t\t\t\t\t\t\t\t\t<\/div>\n\t\t\t\t<\/div>\n\t\t\t\t<\/div>\n\t\t<div class=\"elementor-element elementor-element-d1fe580 e-con-full e-flex e-con e-child\" data-id=\"d1fe580\" data-element_type=\"container\" data-e-type=\"container\">\n\t\t\t\t<div class=\"elementor-element elementor-element-2b75dac elementor-widget__width-initial elementor-widget elementor-widget-image\" data-id=\"2b75dac\" data-element_type=\"widget\" data-e-type=\"widget\" data-widget_type=\"image.default\">\n\t\t\t\t<div class=\"elementor-widget-container\">\n\t\t\t\t\t\t\t\t\t\t\t\t\t\t\t<img decoding=\"async\" width=\"1365\" height=\"2048\" src=\"https:\/\/www.hoteldelavallee.com\/wp-content\/uploads\/2026\/02\/vue-chambre-1.jpg\" class=\"attachment-full size-full wp-image-2875\" alt=\"\" srcset=\"https:\/\/www.hoteldelavallee.com\/wp-content\/uploads\/2026\/02\/vue-chambre-1.jpg 1365w, https:\/\/www.hoteldelavallee.com\/wp-content\/uploads\/2026\/02\/vue-chambre-1-200x300.jpg 200w, https:\/\/www.hoteldelavallee.com\/wp-content\/uploads\/2026\/02\/vue-chambre-1-683x1024.jpg 683w, https:\/\/www.hoteldelavallee.com\/wp-content\/uploads\/2026\/02\/vue-chambre-1-768x1152.jpg 768w, https:\/\/www.hoteldelavallee.com\/wp-content\/uploads\/2026\/02\/vue-chambre-1-1024x1536.jpg 1024w, https:\/\/www.hoteldelavallee.com\/wp-content\/uploads\/2026\/02\/vue-chambre-1-8x12.jpg 8w\" sizes=\"(max-width: 1365px) 100vw, 1365px\" title=\"\">\t\t\t\t\t\t\t\t\t\t\t\t\t\t\t<\/div>\n\t\t\t\t<\/div>\n\t\t<div class=\"elementor-element elementor-element-a8d0eb1 e-con-full e-flex e-con e-child\" data-id=\"a8d0eb1\" data-element_type=\"container\" data-e-type=\"container\">\n\t\t\t\t<div class=\"elementor-element elementor-element-511e2e2 elementor-widget elementor-widget-heading\" data-id=\"511e2e2\" data-element_type=\"widget\" data-e-type=\"widget\" data-widget_type=\"heading.default\">\n\t\t\t\t<div class=\"elementor-widget-container\">\n\t\t\t\t\t<span class=\"elementor-heading-title elementor-size-default\">Tourism<\/span>\t\t\t\t<\/div>\n\t\t\t\t<\/div>\n\t\t<a class=\"elementor-element elementor-element-4ed2ac6 e-con-full common-cta-container e-flex e-con e-child\" data-id=\"4ed2ac6\" data-element_type=\"container\" data-e-type=\"container\" href=\"https:\/\/www.hoteldelavallee.com\/en\/tourisme\/\">\n\t\t\t\t<div class=\"elementor-element elementor-element-6ecc1ad common-cta-text elementor-widget elementor-widget-text-editor\" data-id=\"6ecc1ad\" data-element_type=\"widget\" data-e-type=\"widget\" data-widget_type=\"text-editor.default\">\n\t\t\t\t<div class=\"elementor-widget-container\">\n\t\t\t\t\t\t\t\t\t<p>Discover<\/p>\t\t\t\t\t\t\t\t<\/div>\n\t\t\t\t<\/div>\n\t\t\t\t<\/a>\n\t\t\t\t<\/div>\n\t\t\t\t<\/div>\n\t\t<div class=\"elementor-element elementor-element-84384cd e-con-full e-flex e-con e-child\" data-id=\"84384cd\" data-element_type=\"container\" data-e-type=\"container\">\n\t\t<div class=\"elementor-element elementor-element-dde0e5f e-con-full e-flex e-con e-child\" data-id=\"dde0e5f\" data-element_type=\"container\" data-e-type=\"container\">\n\t\t\t\t<div class=\"elementor-element elementor-element-0a2b679 elementor-widget elementor-widget-heading\" data-id=\"0a2b679\" data-element_type=\"widget\" data-e-type=\"widget\" data-widget_type=\"heading.default\">\n\t\t\t\t<div class=\"elementor-widget-container\">\n\t\t\t\t\t<span class=\"elementor-heading-title elementor-size-default\">Rooms<\/span>\t\t\t\t<\/div>\n\t\t\t\t<\/div>\n\t\t<a class=\"elementor-element elementor-element-c2763b4 e-con-full common-cta-container e-flex e-con e-child\" data-id=\"c2763b4\" data-element_type=\"container\" data-e-type=\"container\" href=\"https:\/\/www.hoteldelavallee.com\/en\/chambres\/\">\n\t\t\t\t<div class=\"elementor-element elementor-element-2a0ce4e common-cta-text elementor-widget elementor-widget-text-editor\" data-id=\"2a0ce4e\" data-element_type=\"widget\" data-e-type=\"widget\" data-widget_type=\"text-editor.default\">\n\t\t\t\t<div class=\"elementor-widget-container\">\n\t\t\t\t\t\t\t\t\t<p>Discover<\/p>\t\t\t\t\t\t\t\t<\/div>\n\t\t\t\t<\/div>\n\t\t\t\t<\/a>\n\t\t\t\t<\/div>\n\t\t\t\t<div class=\"elementor-element elementor-element-a126514 elementor-widget__width-initial elementor-widget elementor-widget-image\" data-id=\"a126514\" data-element_type=\"widget\" data-e-type=\"widget\" data-widget_type=\"image.default\">\n\t\t\t\t<div class=\"elementor-widget-container\">\n\t\t\t\t\t\t\t\t\t\t\t\t\t\t\t<img decoding=\"async\" width=\"1365\" height=\"2048\" src=\"https:\/\/www.hoteldelavallee.com\/wp-content\/uploads\/2026\/02\/DSCF9673_j.lozay_.jpg\" class=\"attachment-full size-full wp-image-2876\" alt=\"\" srcset=\"https:\/\/www.hoteldelavallee.com\/wp-content\/uploads\/2026\/02\/DSCF9673_j.lozay_.jpg 1365w, https:\/\/www.hoteldelavallee.com\/wp-content\/uploads\/2026\/02\/DSCF9673_j.lozay_-200x300.jpg 200w, https:\/\/www.hoteldelavallee.com\/wp-content\/uploads\/2026\/02\/DSCF9673_j.lozay_-683x1024.jpg 683w, https:\/\/www.hoteldelavallee.com\/wp-content\/uploads\/2026\/02\/DSCF9673_j.lozay_-768x1152.jpg 768w, https:\/\/www.hoteldelavallee.com\/wp-content\/uploads\/2026\/02\/DSCF9673_j.lozay_-1024x1536.jpg 1024w, https:\/\/www.hoteldelavallee.com\/wp-content\/uploads\/2026\/02\/DSCF9673_j.lozay_-8x12.jpg 8w\" sizes=\"(max-width: 1365px) 100vw, 1365px\" title=\"\">\t\t\t\t\t\t\t\t\t\t\t\t\t\t\t<\/div>\n\t\t\t\t<\/div>\n\t\t\t\t<\/div>\n\t\t\t\t\t<\/div>\n\t\t\t\t<\/div>\n\t\t\t\t<\/div>","protected":false},"excerpt":{"rendered":"<p>L&rsquo;agenda de l&rsquo;h\u00f4tel Que faire \u00e0 notre h\u00f4tel \u00e0 Dinard Rencontres &amp; moments : La Vall\u00e9e, lieu d\u2019inspiration \u00e0 Dinard \u00c0 Dinard, nos \u00e9v\u00e9nements c\u00e9l\u00e8brent la rencontre : ateliers cr\u00e9atifs, d\u00e9gustations, soir\u00e9es musicales et rendez-vous gourmands imagin\u00e9s pour rassembler. Fid\u00e8les \u00e0 l\u2019esprit Ar Collection, nous privil\u00e9gions les collaborations locales : artistes, vignerons, artisans; et des [&hellip;]<\/p>\n","protected":false},"author":13,"featured_media":0,"parent":0,"menu_order":0,"comment_status":"closed","ping_status":"closed","template":"","meta":{"_acf_changed":false,"inline_featured_image":false,"footnotes":""},"class_list":["post-332","page","type-page","status-publish","hentry"],"acf":[],"_links":{"self":[{"href":"https:\/\/www.hoteldelavallee.com\/en\/wp-json\/wp\/v2\/pages\/332","targetHints":{"allow":["GET"]}}],"collection":[{"href":"https:\/\/www.hoteldelavallee.com\/en\/wp-json\/wp\/v2\/pages"}],"about":[{"href":"https:\/\/www.hoteldelavallee.com\/en\/wp-json\/wp\/v2\/types\/page"}],"author":[{"embeddable":true,"href":"https:\/\/www.hoteldelavallee.com\/en\/wp-json\/wp\/v2\/users\/13"}],"replies":[{"embeddable":true,"href":"https:\/\/www.hoteldelavallee.com\/en\/wp-json\/wp\/v2\/comments?post=332"}],"version-history":[{"count":34,"href":"https:\/\/www.hoteldelavallee.com\/en\/wp-json\/wp\/v2\/pages\/332\/revisions"}],"predecessor-version":[{"id":2903,"href":"https:\/\/www.hoteldelavallee.com\/en\/wp-json\/wp\/v2\/pages\/332\/revisions\/2903"}],"wp:attachment":[{"href":"https:\/\/www.hoteldelavallee.com\/en\/wp-json\/wp\/v2\/media?parent=332"}],"curies":[{"name":"wp","href":"https:\/\/api.w.org\/{rel}","templated":true}]}}