{"id":328,"date":"2026-01-13T11:39:29","date_gmt":"2026-01-13T10:39:29","guid":{"rendered":"https:\/\/www.hoteldelavallee.com\/?page_id=328"},"modified":"2026-02-12T09:53:52","modified_gmt":"2026-02-12T08:53:52","slug":"faq","status":"publish","type":"page","link":"https:\/\/www.hoteldelavallee.com\/en\/faq\/","title":{"rendered":"FAQ"},"content":{"rendered":"\t\t<div data-elementor-type=\"wp-page\" data-elementor-id=\"328\" class=\"elementor elementor-328\" data-elementor-post-type=\"page\">\n\t\t\t\t<div class=\"elementor-element elementor-element-7c9fc21 e-flex e-con-boxed e-con e-parent\" data-id=\"7c9fc21\" data-element_type=\"container\" data-e-type=\"container\">\n\t\t\t\t\t<div class=\"e-con-inner\">\n\t\t<div class=\"elementor-element elementor-element-40ed125 e-con-full global-content-width e-flex e-con e-child\" data-id=\"40ed125\" data-element_type=\"container\" data-e-type=\"container\">\n\t\t\t\t<div class=\"elementor-element elementor-element-77d43bb elementor-widget elementor-widget-heading\" data-id=\"77d43bb\" data-element_type=\"widget\" data-e-type=\"widget\" data-widget_type=\"heading.default\">\n\t\t\t\t<div class=\"elementor-widget-container\">\n\t\t\t\t\t<h1 class=\"elementor-heading-title elementor-size-default\">Foire aux questions<\/h1>\t\t\t\t<\/div>\n\t\t\t\t<\/div>\n\t\t\t\t<div class=\"elementor-element elementor-element-eb4c532 elementor-widget elementor-widget-heading\" data-id=\"eb4c532\" data-element_type=\"widget\" data-e-type=\"widget\" data-widget_type=\"heading.default\">\n\t\t\t\t<div class=\"elementor-widget-container\">\n\t\t\t\t\t<h2 class=\"elementor-heading-title elementor-size-default\">Les r\u00e9ponses \u00e0 vos questions<\/h2>\t\t\t\t<\/div>\n\t\t\t\t<\/div>\n\t\t\t\t<\/div>\n\t\t\t\t<div class=\"elementor-element elementor-element-b1a9d69 elementor-widget elementor-widget-n-accordion\" data-id=\"b1a9d69\" data-element_type=\"widget\" data-e-type=\"widget\" data-settings=\"{&quot;default_state&quot;:&quot;all_collapsed&quot;,&quot;max_items_expended&quot;:&quot;multiple&quot;,&quot;n_accordion_animation_duration&quot;:{&quot;unit&quot;:&quot;ms&quot;,&quot;size&quot;:300,&quot;sizes&quot;:[]}}\" data-widget_type=\"nested-accordion.default\">\n\t\t\t\t<div class=\"elementor-widget-container\">\n\t\t\t\t\t\t\t<div class=\"e-n-accordion\" aria-label=\"Accordion. Open links with Enter or Space, close with Escape, and navigate with Arrow Keys\">\n\t\t\t\t\t\t<details id=\"e-n-accordion-item-1860\" class=\"e-n-accordion-item\" >\n\t\t\t\t<summary class=\"e-n-accordion-item-title\" data-accordion-index=\"1\" tabindex=\"0\" aria-expanded=\"false\" aria-controls=\"e-n-accordion-item-1860\" >\n\t\t\t\t\t<span class='e-n-accordion-item-title-header'><div class=\"e-n-accordion-item-title-text\"> O\u00f9 se trouve l\u2019h\u00f4tel et comment y arriver ? <\/div><\/span>\n\t\t\t\t\t\t\t<span class='e-n-accordion-item-title-icon'>\n\t\t\t<span class='e-opened' ><svg xmlns=\"http:\/\/www.w3.org\/2000\/svg\" fill=\"none\" viewBox=\"0 0 14 8\"><path stroke=\"#000\" d=\"M.363 7.505 6.771.728l6.409 6.777\"><\/path><\/svg><\/span>\n\t\t\t<span class='e-closed'><svg xmlns=\"http:\/\/www.w3.org\/2000\/svg\" fill=\"none\" viewBox=\"0 0 14 8\"><path stroke=\"#000\" d=\"M.363.344 6.771 7.12 13.18.344\"><\/path><\/svg><\/span>\n\t\t<\/span>\n\n\t\t\t\t\t\t<\/summary>\n\t\t\t\t<div role=\"region\" aria-labelledby=\"e-n-accordion-item-1860\" class=\"elementor-element elementor-element-1990704 e-con-full e-flex e-con e-child\" data-id=\"1990704\" data-element_type=\"container\" data-e-type=\"container\">\n\t\t\t\t<div class=\"elementor-element elementor-element-438ead6 elementor-widget elementor-widget-text-editor\" data-id=\"438ead6\" data-element_type=\"widget\" data-e-type=\"widget\" data-widget_type=\"text-editor.default\">\n\t\t\t\t<div class=\"elementor-widget-container\">\n\t\t\t\t\t\t\t\t\t<p>Nous sommes situ\u00e9s au 6 avenue George V, Dinard, face \u00e0 l\u2019embarcad\u00e8re de l\u2019anse du Bec. Facilement accessible par voiture (A11\/RN137 depuis Rennes), train (TGV jusqu\u2019\u00e0 Saint-Malo + taxi\/bus), avion (Dinard-Pleurtuit) ou bateau (Saint-Malo\/vedette). L\u2019emplacement central permet d\u2019explorer la station \u00e0 pied d\u00e8s votre arriv\u00e9e.<\/p><p>\u00a0<\/p>\t\t\t\t\t\t\t\t<\/div>\n\t\t\t\t<\/div>\n\t\t\t\t<\/div>\n\t\t\t\t\t<\/details>\n\t\t\t\t\t\t<details id=\"e-n-accordion-item-1861\" class=\"e-n-accordion-item\" >\n\t\t\t\t<summary class=\"e-n-accordion-item-title\" data-accordion-index=\"2\" tabindex=\"-1\" aria-expanded=\"false\" aria-controls=\"e-n-accordion-item-1861\" >\n\t\t\t\t\t<span class='e-n-accordion-item-title-header'><div class=\"e-n-accordion-item-title-text\"> L\u2019h\u00f4tel est-il accessible aux personnes \u00e0 mobilit\u00e9 r\u00e9duite ? <\/div><\/span>\n\t\t\t\t\t\t\t<span class='e-n-accordion-item-title-icon'>\n\t\t\t<span class='e-opened' ><svg xmlns=\"http:\/\/www.w3.org\/2000\/svg\" fill=\"none\" viewBox=\"0 0 14 8\"><path stroke=\"#000\" d=\"M.363 7.505 6.771.728l6.409 6.777\"><\/path><\/svg><\/span>\n\t\t\t<span class='e-closed'><svg xmlns=\"http:\/\/www.w3.org\/2000\/svg\" fill=\"none\" viewBox=\"0 0 14 8\"><path stroke=\"#000\" d=\"M.363.344 6.771 7.12 13.18.344\"><\/path><\/svg><\/span>\n\t\t<\/span>\n\n\t\t\t\t\t\t<\/summary>\n\t\t\t\t<div role=\"region\" aria-labelledby=\"e-n-accordion-item-1861\" class=\"elementor-element elementor-element-9569bd2 e-con-full e-flex e-con e-child\" data-id=\"9569bd2\" data-element_type=\"container\" data-e-type=\"container\">\n\t\t\t\t<div class=\"elementor-element elementor-element-1ef9de1 elementor-widget elementor-widget-text-editor\" data-id=\"1ef9de1\" data-element_type=\"widget\" data-e-type=\"widget\" data-widget_type=\"text-editor.default\">\n\t\t\t\t<div class=\"elementor-widget-container\">\n\t\t\t\t\t\t\t\t\t<p>Oui. Nous disposons de chambres am\u00e9nag\u00e9es pour personnes \u00e0 mobilit\u00e9 r\u00e9duite. Si vous avez des besoins particuliers (salle de bain adapt\u00e9e, aides sp\u00e9cifiques), merci de nous en informer avant votre arriv\u00e9e : nous organiserons votre s\u00e9jour avec soin et bienveillance.<\/p><p>\u00a0<\/p>\t\t\t\t\t\t\t\t<\/div>\n\t\t\t\t<\/div>\n\t\t\t\t<\/div>\n\t\t\t\t\t<\/details>\n\t\t\t\t\t\t<details id=\"e-n-accordion-item-1862\" class=\"e-n-accordion-item\" >\n\t\t\t\t<summary class=\"e-n-accordion-item-title\" data-accordion-index=\"3\" tabindex=\"-1\" aria-expanded=\"false\" aria-controls=\"e-n-accordion-item-1862\" >\n\t\t\t\t\t<span class='e-n-accordion-item-title-header'><div class=\"e-n-accordion-item-title-text\"> Quel est le fonctionnement du petit-d\u00e9jeuner ? <\/div><\/span>\n\t\t\t\t\t\t\t<span class='e-n-accordion-item-title-icon'>\n\t\t\t<span class='e-opened' ><svg xmlns=\"http:\/\/www.w3.org\/2000\/svg\" fill=\"none\" viewBox=\"0 0 14 8\"><path stroke=\"#000\" d=\"M.363 7.505 6.771.728l6.409 6.777\"><\/path><\/svg><\/span>\n\t\t\t<span class='e-closed'><svg xmlns=\"http:\/\/www.w3.org\/2000\/svg\" fill=\"none\" viewBox=\"0 0 14 8\"><path stroke=\"#000\" d=\"M.363.344 6.771 7.12 13.18.344\"><\/path><\/svg><\/span>\n\t\t<\/span>\n\n\t\t\t\t\t\t<\/summary>\n\t\t\t\t<div role=\"region\" aria-labelledby=\"e-n-accordion-item-1862\" class=\"elementor-element elementor-element-d834a66 e-con-full e-flex e-con e-child\" data-id=\"d834a66\" data-element_type=\"container\" data-e-type=\"container\">\n\t\t\t\t<div class=\"elementor-element elementor-element-66cf924 elementor-widget elementor-widget-text-editor\" data-id=\"66cf924\" data-element_type=\"widget\" data-e-type=\"widget\" data-widget_type=\"text-editor.default\">\n\t\t\t\t<div class=\"elementor-widget-container\">\n\t\t\t\t\t\t\t\t\t<p>Le petit-d\u00e9jeuner se prend en salle, face \u00e0 la mer, et se compose d\u2019un buffet g\u00e9n\u00e9reux. Il est servi le matin afin de bien commencer la journ\u00e9e. Si vous pr\u00e9f\u00e9rez prendre vos repas en toute intimit\u00e9, notre room service pr\u00e9pare volontiers un plateau \u00e0 d\u00e9guster en chambre ou sur le balcon.<\/p><p>\u00a0<\/p>\t\t\t\t\t\t\t\t<\/div>\n\t\t\t\t<\/div>\n\t\t\t\t<\/div>\n\t\t\t\t\t<\/details>\n\t\t\t\t\t\t<details id=\"e-n-accordion-item-1863\" class=\"e-n-accordion-item\" >\n\t\t\t\t<summary class=\"e-n-accordion-item-title\" data-accordion-index=\"4\" tabindex=\"-1\" aria-expanded=\"false\" aria-controls=\"e-n-accordion-item-1863\" >\n\t\t\t\t\t<span class='e-n-accordion-item-title-header'><div class=\"e-n-accordion-item-title-text\"> Comment r\u00e9server au restaurant et g\u00e9rer les r\u00e9gimes alimentaires ? <\/div><\/span>\n\t\t\t\t\t\t\t<span class='e-n-accordion-item-title-icon'>\n\t\t\t<span class='e-opened' ><svg xmlns=\"http:\/\/www.w3.org\/2000\/svg\" fill=\"none\" viewBox=\"0 0 14 8\"><path stroke=\"#000\" d=\"M.363 7.505 6.771.728l6.409 6.777\"><\/path><\/svg><\/span>\n\t\t\t<span class='e-closed'><svg xmlns=\"http:\/\/www.w3.org\/2000\/svg\" fill=\"none\" viewBox=\"0 0 14 8\"><path stroke=\"#000\" d=\"M.363.344 6.771 7.12 13.18.344\"><\/path><\/svg><\/span>\n\t\t<\/span>\n\n\t\t\t\t\t\t<\/summary>\n\t\t\t\t<div role=\"region\" aria-labelledby=\"e-n-accordion-item-1863\" class=\"elementor-element elementor-element-a27ce34 e-flex e-con-boxed e-con e-child\" data-id=\"a27ce34\" data-element_type=\"container\" data-e-type=\"container\">\n\t\t\t\t\t<div class=\"e-con-inner\">\n\t\t\t\t<div class=\"elementor-element elementor-element-21c581b elementor-widget elementor-widget-text-editor\" data-id=\"21c581b\" data-element_type=\"widget\" data-e-type=\"widget\" data-widget_type=\"text-editor.default\">\n\t\t\t\t<div class=\"elementor-widget-container\">\n\t\t\t\t\t\t\t\t\t<p>Notre restaurant met \u00e0 l\u2019honneur les produits de la mer et les circuits courts. Nous vous conseillons de r\u00e9server votre table \u00e0 l\u2019avance, surtout en haute saison. Pour allergies ou r\u00e9gimes sp\u00e9cifiques, signalez-le lors de la r\u00e9servation : notre \u00e9quipe et la cuisine s\u2019adaptent volontiers pour composer des plats savoureux et respectueux de vos besoins.<\/p><p>\u00a0<\/p>\t\t\t\t\t\t\t\t<\/div>\n\t\t\t\t<\/div>\n\t\t\t\t\t<\/div>\n\t\t\t\t<\/div>\n\t\t\t\t\t<\/details>\n\t\t\t\t\t\t<details id=\"e-n-accordion-item-1864\" class=\"e-n-accordion-item\" >\n\t\t\t\t<summary class=\"e-n-accordion-item-title\" data-accordion-index=\"5\" tabindex=\"-1\" aria-expanded=\"false\" aria-controls=\"e-n-accordion-item-1864\" >\n\t\t\t\t\t<span class='e-n-accordion-item-title-header'><div class=\"e-n-accordion-item-title-text\"> Les animaux de compagnie sont-ils accept\u00e9s ? <\/div><\/span>\n\t\t\t\t\t\t\t<span class='e-n-accordion-item-title-icon'>\n\t\t\t<span class='e-opened' ><svg xmlns=\"http:\/\/www.w3.org\/2000\/svg\" fill=\"none\" viewBox=\"0 0 14 8\"><path stroke=\"#000\" d=\"M.363 7.505 6.771.728l6.409 6.777\"><\/path><\/svg><\/span>\n\t\t\t<span class='e-closed'><svg xmlns=\"http:\/\/www.w3.org\/2000\/svg\" fill=\"none\" viewBox=\"0 0 14 8\"><path stroke=\"#000\" d=\"M.363.344 6.771 7.12 13.18.344\"><\/path><\/svg><\/span>\n\t\t<\/span>\n\n\t\t\t\t\t\t<\/summary>\n\t\t\t\t<div role=\"region\" aria-labelledby=\"e-n-accordion-item-1864\" class=\"elementor-element elementor-element-aa895a2 e-flex e-con-boxed e-con e-child\" data-id=\"aa895a2\" data-element_type=\"container\" data-e-type=\"container\">\n\t\t\t\t\t<div class=\"e-con-inner\">\n\t\t\t\t<div class=\"elementor-element elementor-element-134481d elementor-widget elementor-widget-text-editor\" data-id=\"134481d\" data-element_type=\"widget\" data-e-type=\"widget\" data-widget_type=\"text-editor.default\">\n\t\t\t\t<div class=\"elementor-widget-container\">\n\t\t\t\t\t\t\t\t\t<p>Oui, les animaux de compagnie sont accept\u00e9s au sein de l\u2019\u00e9tablissement moyennant un suppl\u00e9ment (15\u20ac \u2013 10kg ou 20\u20ac \u2013 20kg \/nuit)<\/p><p>\u00a0<\/p>\t\t\t\t\t\t\t\t<\/div>\n\t\t\t\t<\/div>\n\t\t\t\t\t<\/div>\n\t\t\t\t<\/div>\n\t\t\t\t\t<\/details>\n\t\t\t\t\t\t<details id=\"e-n-accordion-item-1865\" class=\"e-n-accordion-item\" >\n\t\t\t\t<summary class=\"e-n-accordion-item-title\" data-accordion-index=\"6\" tabindex=\"-1\" aria-expanded=\"false\" aria-controls=\"e-n-accordion-item-1865\" >\n\t\t\t\t\t<span class='e-n-accordion-item-title-header'><div class=\"e-n-accordion-item-title-text\"> Quelles sont les heures d\u2019arriv\u00e9e et de d\u00e9part ? <\/div><\/span>\n\t\t\t\t\t\t\t<span class='e-n-accordion-item-title-icon'>\n\t\t\t<span class='e-opened' ><svg xmlns=\"http:\/\/www.w3.org\/2000\/svg\" fill=\"none\" viewBox=\"0 0 14 8\"><path stroke=\"#000\" d=\"M.363 7.505 6.771.728l6.409 6.777\"><\/path><\/svg><\/span>\n\t\t\t<span class='e-closed'><svg xmlns=\"http:\/\/www.w3.org\/2000\/svg\" fill=\"none\" viewBox=\"0 0 14 8\"><path stroke=\"#000\" d=\"M.363.344 6.771 7.12 13.18.344\"><\/path><\/svg><\/span>\n\t\t<\/span>\n\n\t\t\t\t\t\t<\/summary>\n\t\t\t\t<div role=\"region\" aria-labelledby=\"e-n-accordion-item-1865\" class=\"elementor-element elementor-element-266ecb9 e-flex e-con-boxed e-con e-child\" data-id=\"266ecb9\" data-element_type=\"container\" data-e-type=\"container\">\n\t\t\t\t\t<div class=\"e-con-inner\">\n\t\t\t\t<div class=\"elementor-element elementor-element-0d760a7 elementor-widget elementor-widget-text-editor\" data-id=\"0d760a7\" data-element_type=\"widget\" data-e-type=\"widget\" data-widget_type=\"text-editor.default\">\n\t\t\t\t<div class=\"elementor-widget-container\">\n\t\t\t\t\t\t\t\t\t<p>Le check-in est possible de 15h30 \u00e0 19h30 et le check-out s\u2019effectue avant 11h30.<\/p><p>N\u2019h\u00e9sitez pas \u00e0 nous faire une demande sp\u00e9ciale lors de votre r\u00e9servation si vous souhaitez arriver ou partir hors des horaires mentionn\u00e9s.<\/p>\t\t\t\t\t\t\t\t<\/div>\n\t\t\t\t<\/div>\n\t\t\t\t\t<\/div>\n\t\t\t\t<\/div>\n\t\t\t\t\t<\/details>\n\t\t\t\t\t\t<details id=\"e-n-accordion-item-1866\" class=\"e-n-accordion-item\" >\n\t\t\t\t<summary class=\"e-n-accordion-item-title\" data-accordion-index=\"7\" tabindex=\"-1\" aria-expanded=\"false\" aria-controls=\"e-n-accordion-item-1866\" >\n\t\t\t\t\t<span class='e-n-accordion-item-title-header'><div class=\"e-n-accordion-item-title-text\"> Peut-on organiser un \u00e9v\u00e9nement ou privatiser une partie de l\u2019h\u00f4tel ? <\/div><\/span>\n\t\t\t\t\t\t\t<span class='e-n-accordion-item-title-icon'>\n\t\t\t<span class='e-opened' ><svg xmlns=\"http:\/\/www.w3.org\/2000\/svg\" fill=\"none\" viewBox=\"0 0 14 8\"><path stroke=\"#000\" d=\"M.363 7.505 6.771.728l6.409 6.777\"><\/path><\/svg><\/span>\n\t\t\t<span class='e-closed'><svg xmlns=\"http:\/\/www.w3.org\/2000\/svg\" fill=\"none\" viewBox=\"0 0 14 8\"><path stroke=\"#000\" d=\"M.363.344 6.771 7.12 13.18.344\"><\/path><\/svg><\/span>\n\t\t<\/span>\n\n\t\t\t\t\t\t<\/summary>\n\t\t\t\t<div role=\"region\" aria-labelledby=\"e-n-accordion-item-1866\" class=\"elementor-element elementor-element-611e319 e-flex e-con-boxed e-con e-child\" data-id=\"611e319\" data-element_type=\"container\" data-e-type=\"container\">\n\t\t\t\t\t<div class=\"e-con-inner\">\n\t\t\t\t<div class=\"elementor-element elementor-element-9310ed5 elementor-widget elementor-widget-text-editor\" data-id=\"9310ed5\" data-element_type=\"widget\" data-e-type=\"widget\" data-widget_type=\"text-editor.default\">\n\t\t\t\t<div class=\"elementor-widget-container\">\n\t\t\t\t\t\t\t\t\t<p>Oui : bien que nous n\u2019ayons pas de salle de s\u00e9minaire d\u00e9di\u00e9e, il est possible de privatiser tout ou partie de l\u2019\u00e9tablissement (restaurant, terrasse ou espaces communs) pour \u00e9v\u00e9nements priv\u00e9s ou professionnels. Nous adaptons format, menus et logistique pour cr\u00e9er un moment sur-mesure, convivial et ancr\u00e9 dans l\u2019esprit de Dinard.<\/p><p>\u00a0<\/p>\t\t\t\t\t\t\t\t<\/div>\n\t\t\t\t<\/div>\n\t\t\t\t\t<\/div>\n\t\t\t\t<\/div>\n\t\t\t\t\t<\/details>\n\t\t\t\t\t<\/div>\n\t\t\t\t\t<script type=\"application\/ld+json\">{\"@context\":\"https:\\\/\\\/schema.org\",\"@type\":\"FAQPage\",\"mainEntity\":[{\"@type\":\"Question\",\"name\":\"O\\u00f9 se trouve l\\u2019h\\u00f4tel et comment y arriver ?\",\"acceptedAnswer\":{\"@type\":\"Answer\",\"text\":\"Nous sommes situ\\u00e9s au 6 avenue George V, Dinard, face \\u00e0 l\\u2019embarcad\\u00e8re de l\\u2019anse du Bec. Facilement accessible par voiture (A11\\\/RN137 depuis Rennes), train (TGV jusqu\\u2019\\u00e0 Saint-Malo + taxi\\\/bus), avion (Dinard-Pleurtuit) ou bateau (Saint-Malo\\\/vedette). L\\u2019emplacement central permet d\\u2019explorer la station \\u00e0 pied d\\u00e8s votre arriv\\u00e9e.\\u00a0\"}},{\"@type\":\"Question\",\"name\":\"L\\u2019h\\u00f4tel est-il accessible aux personnes \\u00e0 mobilit\\u00e9 r\\u00e9duite ?\",\"acceptedAnswer\":{\"@type\":\"Answer\",\"text\":\"Oui. Nous disposons de chambres am\\u00e9nag\\u00e9es pour personnes \\u00e0 mobilit\\u00e9 r\\u00e9duite. Si vous avez des besoins particuliers (salle de bain adapt\\u00e9e, aides sp\\u00e9cifiques), merci de nous en informer avant votre arriv\\u00e9e : nous organiserons votre s\\u00e9jour avec soin et bienveillance.\\u00a0\"}},{\"@type\":\"Question\",\"name\":\"Quel est le fonctionnement du petit-d\\u00e9jeuner ?\",\"acceptedAnswer\":{\"@type\":\"Answer\",\"text\":\"Le petit-d\\u00e9jeuner se prend en salle, face \\u00e0 la mer, et se compose d\\u2019un buffet g\\u00e9n\\u00e9reux. Il est servi le matin afin de bien commencer la journ\\u00e9e. Si vous pr\\u00e9f\\u00e9rez prendre vos repas en toute intimit\\u00e9, notre room service pr\\u00e9pare volontiers un plateau \\u00e0 d\\u00e9guster en chambre ou sur le balcon.\\u00a0\"}},{\"@type\":\"Question\",\"name\":\"Comment r\\u00e9server au restaurant et g\\u00e9rer les r\\u00e9gimes alimentaires ?\",\"acceptedAnswer\":{\"@type\":\"Answer\",\"text\":\"Notre restaurant met \\u00e0 l\\u2019honneur les produits de la mer et les circuits courts. Nous vous conseillons de r\\u00e9server votre table \\u00e0 l\\u2019avance, surtout en haute saison. Pour allergies ou r\\u00e9gimes sp\\u00e9cifiques, signalez-le lors de la r\\u00e9servation : notre \\u00e9quipe et la cuisine s\\u2019adaptent volontiers pour composer des plats savoureux et respectueux de vos besoins.\\u00a0\"}},{\"@type\":\"Question\",\"name\":\"Les animaux de compagnie sont-ils accept\\u00e9s ?\",\"acceptedAnswer\":{\"@type\":\"Answer\",\"text\":\"Oui, les animaux de compagnie sont accept\\u00e9s au sein de l\\u2019\\u00e9tablissement moyennant un suppl\\u00e9ment (15\\u20ac \\u2013 10kg ou 20\\u20ac \\u2013 20kg \\\/nuit)\\u00a0\"}},{\"@type\":\"Question\",\"name\":\"Quelles sont les heures d\\u2019arriv\\u00e9e et de d\\u00e9part ?\",\"acceptedAnswer\":{\"@type\":\"Answer\",\"text\":\"Le check-in est possible de 15h30 \\u00e0 19h30 et le check-out s\\u2019effectue avant 11h30.N\\u2019h\\u00e9sitez pas \\u00e0 nous faire une demande sp\\u00e9ciale lors de votre r\\u00e9servation si vous souhaitez arriver ou partir hors des horaires mentionn\\u00e9s.\"}},{\"@type\":\"Question\",\"name\":\"Peut-on organiser un \\u00e9v\\u00e9nement ou privatiser une partie de l\\u2019h\\u00f4tel ?\",\"acceptedAnswer\":{\"@type\":\"Answer\",\"text\":\"Oui : bien que nous n\\u2019ayons pas de salle de s\\u00e9minaire d\\u00e9di\\u00e9e, il est possible de privatiser tout ou partie de l\\u2019\\u00e9tablissement (restaurant, terrasse ou espaces communs) pour \\u00e9v\\u00e9nements priv\\u00e9s ou professionnels. Nous adaptons format, menus et logistique pour cr\\u00e9er un moment sur-mesure, convivial et ancr\\u00e9 dans l\\u2019esprit de Dinard.\\u00a0\"}}]}<\/script>\n\t\t\t\t\t\t\t<\/div>\n\t\t\t\t<\/div>\n\t\t\t\t\t<\/div>\n\t\t\t\t<\/div>\n\t\t\t\t<\/div>\n\t\t","protected":false},"excerpt":{"rendered":"<p>Foire aux questions Les r\u00e9ponses \u00e0 vos questions O\u00f9 se trouve l\u2019h\u00f4tel et comment y arriver ? Nous sommes situ\u00e9s au 6 avenue George V, Dinard, face \u00e0 l\u2019embarcad\u00e8re de l\u2019anse du Bec. Facilement accessible par voiture (A11\/RN137 depuis Rennes), train (TGV jusqu\u2019\u00e0 Saint-Malo + taxi\/bus), avion (Dinard-Pleurtuit) ou bateau (Saint-Malo\/vedette). L\u2019emplacement central permet d\u2019explorer [&hellip;]<\/p>\n","protected":false},"author":13,"featured_media":0,"parent":0,"menu_order":0,"comment_status":"closed","ping_status":"closed","template":"","meta":{"_acf_changed":false,"inline_featured_image":false,"footnotes":""},"class_list":["post-328","page","type-page","status-publish","hentry"],"acf":[],"_links":{"self":[{"href":"https:\/\/www.hoteldelavallee.com\/en\/wp-json\/wp\/v2\/pages\/328","targetHints":{"allow":["GET"]}}],"collection":[{"href":"https:\/\/www.hoteldelavallee.com\/en\/wp-json\/wp\/v2\/pages"}],"about":[{"href":"https:\/\/www.hoteldelavallee.com\/en\/wp-json\/wp\/v2\/types\/page"}],"author":[{"embeddable":true,"href":"https:\/\/www.hoteldelavallee.com\/en\/wp-json\/wp\/v2\/users\/13"}],"replies":[{"embeddable":true,"href":"https:\/\/www.hoteldelavallee.com\/en\/wp-json\/wp\/v2\/comments?post=328"}],"version-history":[{"count":10,"href":"https:\/\/www.hoteldelavallee.com\/en\/wp-json\/wp\/v2\/pages\/328\/revisions"}],"predecessor-version":[{"id":2797,"href":"https:\/\/www.hoteldelavallee.com\/en\/wp-json\/wp\/v2\/pages\/328\/revisions\/2797"}],"wp:attachment":[{"href":"https:\/\/www.hoteldelavallee.com\/en\/wp-json\/wp\/v2\/media?parent=328"}],"curies":[{"name":"wp","href":"https:\/\/api.w.org\/{rel}","templated":true}]}}