{"id":2811,"date":"2026-02-12T10:01:59","date_gmt":"2026-02-12T09:01:59","guid":{"rendered":"https:\/\/www.hoteldelavallee.com\/?page_id=2811"},"modified":"2026-02-12T12:29:54","modified_gmt":"2026-02-12T11:29:54","slug":"cezembre-island","status":"publish","type":"page","link":"https:\/\/www.hoteldelavallee.com\/en\/tourisme\/ile-de-cezembre\/","title":{"rendered":"C\u00e9zembre Island"},"content":{"rendered":"<div data-elementor-type=\"wp-page\" data-elementor-id=\"2811\" class=\"elementor elementor-2811\" data-elementor-post-type=\"page\">\n\t\t\t\t<div class=\"elementor-element elementor-element-5fa51de9 e-flex e-con-boxed e-con e-parent\" data-id=\"5fa51de9\" data-element_type=\"container\" data-e-type=\"container\" data-settings=\"{&quot;background_background&quot;:&quot;classic&quot;}\">\n\t\t\t\t\t<div class=\"e-con-inner\">\n\t\t<div class=\"elementor-element elementor-element-4136ed21 e-con-full e-flex e-con e-child\" data-id=\"4136ed21\" data-element_type=\"container\" data-e-type=\"container\">\n\t\t\t\t<div class=\"elementor-element elementor-element-34984577 elementor-widget elementor-widget-text-editor\" data-id=\"34984577\" data-element_type=\"widget\" data-e-type=\"widget\" data-widget_type=\"text-editor.default\">\n\t\t\t\t<div class=\"elementor-widget-container\">\n\t\t\t\t\t\t\t\t\t<h1>C\u00e9zembre Island<\/h1>\t\t\t\t\t\t\t\t<\/div>\n\t\t\t\t<\/div>\n\t\t\t\t<div class=\"elementor-element elementor-element-221f130 elementor-widget elementor-widget-heading\" data-id=\"221f130\" data-element_type=\"widget\" data-e-type=\"widget\" data-widget_type=\"heading.default\">\n\t\t\t\t<div class=\"elementor-widget-container\">\n\t\t\t\t\t<span class=\"elementor-heading-title elementor-size-default\">Activities &amp; excursions<\/span>\t\t\t\t<\/div>\n\t\t\t\t<\/div>\n\t\t\t\t<div class=\"elementor-element elementor-element-5df59f86 hero-arrow elementor-view-default elementor-widget elementor-widget-icon\" data-id=\"5df59f86\" data-element_type=\"widget\" data-e-type=\"widget\" data-widget_type=\"icon.default\">\n\t\t\t\t<div class=\"elementor-widget-container\">\n\t\t\t\t\t\t\t<div class=\"elementor-icon-wrapper\">\n\t\t\t<a class=\"elementor-icon\" href=\"#introduction\">\n\t\t\t<svg xmlns=\"http:\/\/www.w3.org\/2000\/svg\" width=\"15\" height=\"8\" viewbox=\"0 0 15 8\" fill=\"none\"><path d=\"M0.5 0.5L7.02174 7.02174L13.5435 0.5\" stroke=\"white\" stroke-linecap=\"round\"><\/path><\/svg>\t\t\t<\/a>\n\t\t<\/div>\n\t\t\t\t\t\t<\/div>\n\t\t\t\t<\/div>\n\t\t\t\t<\/div>\n\t\t\t\t\t<\/div>\n\t\t\t\t<\/div>\n\t\t<div class=\"elementor-element elementor-element-7839eaf8 restauration-section_rotisserie global-anim_img-upwards e-flex e-con-boxed e-con e-parent\" data-id=\"7839eaf8\" data-element_type=\"container\" data-e-type=\"container\">\n\t\t\t\t\t<div class=\"e-con-inner\">\n\t\t<div class=\"elementor-element elementor-element-6db1c21a e-con-full e-flex e-con e-child\" data-id=\"6db1c21a\" data-element_type=\"container\" data-e-type=\"container\">\n\t\t<div class=\"elementor-element elementor-element-205ecbd9 e-con-full e-flex e-con e-child\" data-id=\"205ecbd9\" data-element_type=\"container\" data-e-type=\"container\">\n\t\t\t\t<div class=\"elementor-element elementor-element-4cc0d89b elementor-widget elementor-widget-heading\" data-id=\"4cc0d89b\" data-element_type=\"widget\" data-e-type=\"widget\" data-widget_type=\"heading.default\">\n\t\t\t\t<div class=\"elementor-widget-container\">\n\t\t\t\t\t<span class=\"elementor-heading-title elementor-size-default\">The wild island<\/span>\t\t\t\t<\/div>\n\t\t\t\t<\/div>\n\t\t\t\t<div class=\"elementor-element elementor-element-639fa5f3 elementor-widget elementor-widget-heading\" data-id=\"639fa5f3\" data-element_type=\"widget\" data-e-type=\"widget\" data-widget_type=\"heading.default\">\n\t\t\t\t<div class=\"elementor-widget-container\">\n\t\t\t\t\t<h2 class=\"elementor-heading-title elementor-size-default\">between sea and memory\n<\/h2>\t\t\t\t<\/div>\n\t\t\t\t<\/div>\n\t\t\t\t<\/div>\n\t\t\t\t<div class=\"elementor-element elementor-element-12646fa0 global-content-width elementor-widget elementor-widget-text-editor\" data-id=\"12646fa0\" data-element_type=\"widget\" data-e-type=\"widget\" data-widget_type=\"text-editor.default\">\n\t\t\t\t<div class=\"elementor-widget-container\">\n\t\t\t\t\t\t\t\t\t<p>C\u00e9zembre, a small island off the coast of Saint-Malo and Dinard, offers south-facing beaches, fragrant paths, rich birdwatching and visible historical relics: blockhouses, cannons and craters. Accessible by fast crossing, it invites you to enjoy a day's escape between swimming, nature and history, far from the crowds, in a raw and luminous setting to be preserved. We recommend picnics, footwear and respect for trails.<\/p><p>\u00a0<\/p>\t\t\t\t\t\t\t\t<\/div>\n\t\t\t\t<\/div>\n\t\t\t\t<\/div>\n\t\t\t\t<div class=\"elementor-element elementor-element-42e11f84 elementor-widget__width-initial img img-upwards elementor-widget elementor-widget-image\" data-id=\"42e11f84\" data-element_type=\"widget\" data-e-type=\"widget\" data-widget_type=\"image.default\">\n\t\t\t\t<div class=\"elementor-widget-container\">\n\t\t\t\t\t\t\t\t\t\t\t\t\t\t\t<img fetchpriority=\"high\" decoding=\"async\" width=\"1260\" height=\"708\" src=\"https:\/\/www.hoteldelavallee.com\/wp-content\/uploads\/2026\/02\/ile-cezembre.webp\" class=\"attachment-full size-full wp-image-2848\" alt=\"\" srcset=\"https:\/\/www.hoteldelavallee.com\/wp-content\/uploads\/2026\/02\/ile-cezembre.webp 1260w, https:\/\/www.hoteldelavallee.com\/wp-content\/uploads\/2026\/02\/ile-cezembre-300x169.webp 300w, https:\/\/www.hoteldelavallee.com\/wp-content\/uploads\/2026\/02\/ile-cezembre-1024x575.webp 1024w, https:\/\/www.hoteldelavallee.com\/wp-content\/uploads\/2026\/02\/ile-cezembre-768x432.webp 768w, https:\/\/www.hoteldelavallee.com\/wp-content\/uploads\/2026\/02\/ile-cezembre-18x10.webp 18w\" sizes=\"(max-width: 1260px) 100vw, 1260px\" title=\"\">\t\t\t\t\t\t\t\t\t\t\t\t\t\t\t<\/div>\n\t\t\t\t<\/div>\n\t\t\t\t\t<\/div>\n\t\t\t\t<\/div>\n\t\t<div class=\"elementor-element elementor-element-7d6bc7e8 restauration-section_creperie global-anim_img-upwards e-flex e-con-boxed e-con e-parent\" data-id=\"7d6bc7e8\" data-element_type=\"container\" data-e-type=\"container\">\n\t\t\t\t\t<div class=\"e-con-inner\">\n\t\t\t\t<div class=\"elementor-element elementor-element-37bf283e elementor-widget__width-initial img img-upwards elementor-widget elementor-widget-image\" data-id=\"37bf283e\" data-element_type=\"widget\" data-e-type=\"widget\" data-widget_type=\"image.default\">\n\t\t\t\t<div class=\"elementor-widget-container\">\n\t\t\t\t\t\t\t\t\t\t\t\t\t\t\t<img decoding=\"async\" width=\"1200\" height=\"900\" src=\"https:\/\/www.hoteldelavallee.com\/wp-content\/uploads\/2026\/02\/ile-de-cezembre-1.webp\" class=\"attachment-full size-full wp-image-2847\" alt=\"\" srcset=\"https:\/\/www.hoteldelavallee.com\/wp-content\/uploads\/2026\/02\/ile-de-cezembre-1.webp 1200w, https:\/\/www.hoteldelavallee.com\/wp-content\/uploads\/2026\/02\/ile-de-cezembre-1-300x225.webp 300w, https:\/\/www.hoteldelavallee.com\/wp-content\/uploads\/2026\/02\/ile-de-cezembre-1-1024x768.webp 1024w, https:\/\/www.hoteldelavallee.com\/wp-content\/uploads\/2026\/02\/ile-de-cezembre-1-768x576.webp 768w, https:\/\/www.hoteldelavallee.com\/wp-content\/uploads\/2026\/02\/ile-de-cezembre-1-16x12.webp 16w\" sizes=\"(max-width: 1200px) 100vw, 1200px\" title=\"\">\t\t\t\t\t\t\t\t\t\t\t\t\t\t\t<\/div>\n\t\t\t\t<\/div>\n\t\t<div class=\"elementor-element elementor-element-471a991b e-con-full e-flex e-con e-child\" data-id=\"471a991b\" data-element_type=\"container\" data-e-type=\"container\">\n\t\t<div class=\"elementor-element elementor-element-322e1c4a e-con-full e-flex e-con e-child\" data-id=\"322e1c4a\" data-element_type=\"container\" data-e-type=\"container\">\n\t\t\t\t<div class=\"elementor-element elementor-element-6a1ccac1 elementor-widget elementor-widget-heading\" data-id=\"6a1ccac1\" data-element_type=\"widget\" data-e-type=\"widget\" data-widget_type=\"heading.default\">\n\t\t\t\t<div class=\"elementor-widget-container\">\n\t\t\t\t\t<span class=\"elementor-heading-title elementor-size-default\">Practical tips \n<\/span>\t\t\t\t<\/div>\n\t\t\t\t<\/div>\n\t\t\t\t<div class=\"elementor-element elementor-element-3e49e0ae elementor-widget elementor-widget-heading\" data-id=\"3e49e0ae\" data-element_type=\"widget\" data-e-type=\"widget\" data-widget_type=\"heading.default\">\n\t\t\t\t<div class=\"elementor-widget-container\">\n\t\t\t\t\t<h2 class=\"elementor-heading-title elementor-size-default\">prepare your crossing<\/h2>\t\t\t\t<\/div>\n\t\t\t\t<\/div>\n\t\t\t\t<\/div>\n\t\t\t\t<div class=\"elementor-element elementor-element-17c8f6e3 global-content-width elementor-widget elementor-widget-text-editor\" data-id=\"17c8f6e3\" data-element_type=\"widget\" data-e-type=\"widget\" data-widget_type=\"text-editor.default\">\n\t\t\t\t<div class=\"elementor-widget-container\">\n\t\t\t\t\t\t\t\t\t<p>Seasonal crossings depart from Saint-Malo and Dinard: bookings are recommended in summer. Bring water, sun protection and a picnic lunch; few shelters are available on site. Respect protected areas and instructions. Bring good shoes for the trails, and prefer low tide for access to certain areas. Consult local companies for schedules and conditions.<\/p>\t\t\t\t\t\t\t\t<\/div>\n\t\t\t\t<\/div>\n\t\t\t\t<\/div>\n\t\t\t\t\t<\/div>\n\t\t\t\t<\/div>\n\t\t<div class=\"elementor-element elementor-element-1431815b e-flex e-con-boxed e-con e-parent\" data-id=\"1431815b\" data-element_type=\"container\" data-e-type=\"container\">\n\t\t\t\t\t<div class=\"e-con-inner\">\n\t\t<div class=\"elementor-element elementor-element-684255b4 e-con-full e-flex e-con e-child\" data-id=\"684255b4\" data-element_type=\"container\" data-e-type=\"container\">\n\t\t<div class=\"elementor-element elementor-element-210d54 e-con-full e-flex e-con e-child\" data-id=\"210d54\" data-element_type=\"container\" data-e-type=\"container\">\n\t\t\t\t<div class=\"elementor-element elementor-element-1b7250bf elementor-widget elementor-widget-heading\" data-id=\"1b7250bf\" data-element_type=\"widget\" data-e-type=\"widget\" data-widget_type=\"heading.default\">\n\t\t\t\t<div class=\"elementor-widget-container\">\n\t\t\t\t\t<span class=\"elementor-heading-title elementor-size-default\">Seminars<\/span>\t\t\t\t<\/div>\n\t\t\t\t<\/div>\n\t\t<a class=\"elementor-element elementor-element-75a6494d e-con-full common-cta-container e-flex e-con e-child\" data-id=\"75a6494d\" data-element_type=\"container\" data-e-type=\"container\" href=\"https:\/\/www.hoteldelavallee.com\/en\/seminaire\/\">\n\t\t\t\t<div class=\"elementor-element elementor-element-23fe3a14 common-cta-text elementor-widget elementor-widget-text-editor\" data-id=\"23fe3a14\" data-element_type=\"widget\" data-e-type=\"widget\" data-widget_type=\"text-editor.default\">\n\t\t\t\t<div class=\"elementor-widget-container\">\n\t\t\t\t\t\t\t\t\t<p>Discover<\/p>\t\t\t\t\t\t\t\t<\/div>\n\t\t\t\t<\/div>\n\t\t\t\t<\/a>\n\t\t\t\t<\/div>\n\t\t\t\t<div class=\"elementor-element elementor-element-5942f9a9 elementor-widget__width-initial elementor-widget-mobile__width-initial elementor-widget elementor-widget-image\" data-id=\"5942f9a9\" data-element_type=\"widget\" data-e-type=\"widget\" data-widget_type=\"image.default\">\n\t\t\t\t<div class=\"elementor-widget-container\">\n\t\t\t\t\t\t\t\t\t\t\t\t\t\t\t<img decoding=\"async\" width=\"1365\" height=\"2048\" src=\"https:\/\/www.hoteldelavallee.com\/wp-content\/uploads\/2026\/02\/salon-hotel-la-vallee.jpg\" class=\"attachment-full size-full wp-image-2882\" alt=\"\" srcset=\"https:\/\/www.hoteldelavallee.com\/wp-content\/uploads\/2026\/02\/salon-hotel-la-vallee.jpg 1365w, https:\/\/www.hoteldelavallee.com\/wp-content\/uploads\/2026\/02\/salon-hotel-la-vallee-200x300.jpg 200w, https:\/\/www.hoteldelavallee.com\/wp-content\/uploads\/2026\/02\/salon-hotel-la-vallee-683x1024.jpg 683w, https:\/\/www.hoteldelavallee.com\/wp-content\/uploads\/2026\/02\/salon-hotel-la-vallee-768x1152.jpg 768w, https:\/\/www.hoteldelavallee.com\/wp-content\/uploads\/2026\/02\/salon-hotel-la-vallee-1024x1536.jpg 1024w, https:\/\/www.hoteldelavallee.com\/wp-content\/uploads\/2026\/02\/salon-hotel-la-vallee-8x12.jpg 8w\" sizes=\"(max-width: 1365px) 100vw, 1365px\" title=\"\">\t\t\t\t\t\t\t\t\t\t\t\t\t\t\t<\/div>\n\t\t\t\t<\/div>\n\t\t\t\t<\/div>\n\t\t<div class=\"elementor-element elementor-element-669feb58 e-con-full e-flex e-con e-child\" data-id=\"669feb58\" data-element_type=\"container\" data-e-type=\"container\">\n\t\t\t\t<div class=\"elementor-element elementor-element-2f664b2f elementor-widget__width-initial elementor-widget elementor-widget-image\" data-id=\"2f664b2f\" data-element_type=\"widget\" data-e-type=\"widget\" data-widget_type=\"image.default\">\n\t\t\t\t<div class=\"elementor-widget-container\">\n\t\t\t\t\t\t\t\t\t\t\t\t\t\t\t<img loading=\"lazy\" decoding=\"async\" width=\"1365\" height=\"2048\" src=\"https:\/\/www.hoteldelavallee.com\/wp-content\/uploads\/2026\/02\/plat-restaurant-vue-mer-dinard-1.jpg\" class=\"attachment-full size-full wp-image-2867\" alt=\"\" srcset=\"https:\/\/www.hoteldelavallee.com\/wp-content\/uploads\/2026\/02\/plat-restaurant-vue-mer-dinard-1.jpg 1365w, https:\/\/www.hoteldelavallee.com\/wp-content\/uploads\/2026\/02\/plat-restaurant-vue-mer-dinard-1-200x300.jpg 200w, https:\/\/www.hoteldelavallee.com\/wp-content\/uploads\/2026\/02\/plat-restaurant-vue-mer-dinard-1-683x1024.jpg 683w, https:\/\/www.hoteldelavallee.com\/wp-content\/uploads\/2026\/02\/plat-restaurant-vue-mer-dinard-1-768x1152.jpg 768w, https:\/\/www.hoteldelavallee.com\/wp-content\/uploads\/2026\/02\/plat-restaurant-vue-mer-dinard-1-1024x1536.jpg 1024w, https:\/\/www.hoteldelavallee.com\/wp-content\/uploads\/2026\/02\/plat-restaurant-vue-mer-dinard-1-8x12.jpg 8w\" sizes=\"(max-width: 1365px) 100vw, 1365px\" title=\"\">\t\t\t\t\t\t\t\t\t\t\t\t\t\t\t<\/div>\n\t\t\t\t<\/div>\n\t\t<div class=\"elementor-element elementor-element-5828b836 e-con-full e-flex e-con e-child\" data-id=\"5828b836\" data-element_type=\"container\" data-e-type=\"container\">\n\t\t\t\t<div class=\"elementor-element elementor-element-59cc7531 elementor-widget elementor-widget-heading\" data-id=\"59cc7531\" data-element_type=\"widget\" data-e-type=\"widget\" data-widget_type=\"heading.default\">\n\t\t\t\t<div class=\"elementor-widget-container\">\n\t\t\t\t\t<span class=\"elementor-heading-title elementor-size-default\">Restaurant<\/span>\t\t\t\t<\/div>\n\t\t\t\t<\/div>\n\t\t<a class=\"elementor-element elementor-element-2936a695 e-con-full common-cta-container e-flex e-con e-child\" data-id=\"2936a695\" data-element_type=\"container\" data-e-type=\"container\" href=\"https:\/\/www.hoteldelavallee.com\/en\/restaurant\/\">\n\t\t\t\t<div class=\"elementor-element elementor-element-4ab5edc1 common-cta-text elementor-widget elementor-widget-text-editor\" data-id=\"4ab5edc1\" data-element_type=\"widget\" data-e-type=\"widget\" data-widget_type=\"text-editor.default\">\n\t\t\t\t<div class=\"elementor-widget-container\">\n\t\t\t\t\t\t\t\t\t<p>Discover<\/p>\t\t\t\t\t\t\t\t<\/div>\n\t\t\t\t<\/div>\n\t\t\t\t<\/a>\n\t\t\t\t<\/div>\n\t\t\t\t<\/div>\n\t\t<div class=\"elementor-element elementor-element-539e3c75 e-con-full e-flex e-con e-child\" data-id=\"539e3c75\" data-element_type=\"container\" data-e-type=\"container\">\n\t\t<div class=\"elementor-element elementor-element-14064940 e-con-full e-flex e-con e-child\" data-id=\"14064940\" data-element_type=\"container\" data-e-type=\"container\">\n\t\t\t\t<div class=\"elementor-element elementor-element-5647c09a elementor-widget elementor-widget-heading\" data-id=\"5647c09a\" data-element_type=\"widget\" data-e-type=\"widget\" data-widget_type=\"heading.default\">\n\t\t\t\t<div class=\"elementor-widget-container\">\n\t\t\t\t\t<span class=\"elementor-heading-title elementor-size-default\">Rooms<\/span>\t\t\t\t<\/div>\n\t\t\t\t<\/div>\n\t\t<a class=\"elementor-element elementor-element-797d26bf e-con-full common-cta-container e-flex e-con e-child\" data-id=\"797d26bf\" data-element_type=\"container\" data-e-type=\"container\" href=\"https:\/\/www.hoteldelavallee.com\/en\/chambres\/\">\n\t\t\t\t<div class=\"elementor-element elementor-element-3f1fcf5f common-cta-text elementor-widget elementor-widget-text-editor\" data-id=\"3f1fcf5f\" data-element_type=\"widget\" data-e-type=\"widget\" data-widget_type=\"text-editor.default\">\n\t\t\t\t<div class=\"elementor-widget-container\">\n\t\t\t\t\t\t\t\t\t<p>Discover<\/p>\t\t\t\t\t\t\t\t<\/div>\n\t\t\t\t<\/div>\n\t\t\t\t<\/a>\n\t\t\t\t<\/div>\n\t\t\t\t<div class=\"elementor-element elementor-element-7913e939 elementor-widget__width-initial elementor-widget elementor-widget-image\" data-id=\"7913e939\" data-element_type=\"widget\" data-e-type=\"widget\" data-widget_type=\"image.default\">\n\t\t\t\t<div class=\"elementor-widget-container\">\n\t\t\t\t\t\t\t\t\t\t\t\t\t\t\t<img loading=\"lazy\" decoding=\"async\" width=\"1365\" height=\"2048\" src=\"https:\/\/www.hoteldelavallee.com\/wp-content\/uploads\/2026\/02\/double-superieure-mer-balcon-1.jpg\" class=\"attachment-full size-full wp-image-2906\" alt=\"\" srcset=\"https:\/\/www.hoteldelavallee.com\/wp-content\/uploads\/2026\/02\/double-superieure-mer-balcon-1.jpg 1365w, https:\/\/www.hoteldelavallee.com\/wp-content\/uploads\/2026\/02\/double-superieure-mer-balcon-1-200x300.jpg 200w, https:\/\/www.hoteldelavallee.com\/wp-content\/uploads\/2026\/02\/double-superieure-mer-balcon-1-683x1024.jpg 683w, https:\/\/www.hoteldelavallee.com\/wp-content\/uploads\/2026\/02\/double-superieure-mer-balcon-1-768x1152.jpg 768w, https:\/\/www.hoteldelavallee.com\/wp-content\/uploads\/2026\/02\/double-superieure-mer-balcon-1-1024x1536.jpg 1024w, https:\/\/www.hoteldelavallee.com\/wp-content\/uploads\/2026\/02\/double-superieure-mer-balcon-1-8x12.jpg 8w\" sizes=\"(max-width: 1365px) 100vw, 1365px\" title=\"\">\t\t\t\t\t\t\t\t\t\t\t\t\t\t\t<\/div>\n\t\t\t\t<\/div>\n\t\t\t\t<\/div>\n\t\t\t\t\t<\/div>\n\t\t\t\t<\/div>\n\t\t\t\t<\/div>","protected":false},"excerpt":{"rendered":"<p>Ile de C\u00e9zembre Activit\u00e9s &amp; excursions L\u2019\u00eele sauvage entre mer et m\u00e9moire C\u00e9zembre, petite \u00eele au large de Saint-Malo et Dinard, offre plages expos\u00e9es plein sud, sentiers parfum\u00e9s, riches observations d\u2019oiseaux et vestiges historiques visibles : blockhaus, canons et crat\u00e8res. Accessible en travers\u00e9e rapide, elle invite \u00e0 une journ\u00e9e d\u2019\u00e9vasion entre baignade, nature et histoire, [&hellip;]<\/p>\n","protected":false},"author":9,"featured_media":0,"parent":257,"menu_order":0,"comment_status":"closed","ping_status":"closed","template":"","meta":{"_acf_changed":false,"inline_featured_image":false,"footnotes":""},"class_list":["post-2811","page","type-page","status-publish","hentry"],"acf":[],"_links":{"self":[{"href":"https:\/\/www.hoteldelavallee.com\/en\/wp-json\/wp\/v2\/pages\/2811","targetHints":{"allow":["GET"]}}],"collection":[{"href":"https:\/\/www.hoteldelavallee.com\/en\/wp-json\/wp\/v2\/pages"}],"about":[{"href":"https:\/\/www.hoteldelavallee.com\/en\/wp-json\/wp\/v2\/types\/page"}],"author":[{"embeddable":true,"href":"https:\/\/www.hoteldelavallee.com\/en\/wp-json\/wp\/v2\/users\/9"}],"replies":[{"embeddable":true,"href":"https:\/\/www.hoteldelavallee.com\/en\/wp-json\/wp\/v2\/comments?post=2811"}],"version-history":[{"count":10,"href":"https:\/\/www.hoteldelavallee.com\/en\/wp-json\/wp\/v2\/pages\/2811\/revisions"}],"predecessor-version":[{"id":2989,"href":"https:\/\/www.hoteldelavallee.com\/en\/wp-json\/wp\/v2\/pages\/2811\/revisions\/2989"}],"up":[{"embeddable":true,"href":"https:\/\/www.hoteldelavallee.com\/en\/wp-json\/wp\/v2\/pages\/257"}],"wp:attachment":[{"href":"https:\/\/www.hoteldelavallee.com\/en\/wp-json\/wp\/v2\/media?parent=2811"}],"curies":[{"name":"wp","href":"https:\/\/api.w.org\/{rel}","templated":true}]}}