{"id":257,"date":"2026-01-13T10:35:35","date_gmt":"2026-01-13T09:35:35","guid":{"rendered":"https:\/\/www.hoteldelavallee.com\/?page_id=257"},"modified":"2026-02-12T12:22:47","modified_gmt":"2026-02-12T11:22:47","slug":"tourism","status":"publish","type":"page","link":"https:\/\/www.hoteldelavallee.com\/en\/tourisme\/","title":{"rendered":"Tourism"},"content":{"rendered":"<div data-elementor-type=\"wp-page\" data-elementor-id=\"257\" class=\"elementor elementor-257\" data-elementor-post-type=\"page\">\n\t\t\t\t<div class=\"elementor-element elementor-element-9f88e4d e-flex e-con-boxed e-con e-parent\" data-id=\"9f88e4d\" data-element_type=\"container\" data-e-type=\"container\" data-settings=\"{&quot;background_background&quot;:&quot;classic&quot;}\">\n\t\t\t\t\t<div class=\"e-con-inner\">\n\t\t<div class=\"elementor-element elementor-element-0e433d0 e-con-full e-flex e-con e-child\" data-id=\"0e433d0\" data-element_type=\"container\" data-e-type=\"container\">\n\t\t\t\t<div class=\"elementor-element elementor-element-a89ffb9 elementor-widget elementor-widget-text-editor\" data-id=\"a89ffb9\" data-element_type=\"widget\" data-e-type=\"widget\" data-widget_type=\"text-editor.default\">\n\t\t\t\t<div class=\"elementor-widget-container\">\n\t\t\t\t\t\t\t\t\t<p>destination Dinard<\/p>\t\t\t\t\t\t\t\t<\/div>\n\t\t\t\t<\/div>\n\t\t\t\t<div class=\"elementor-element elementor-element-850d69e elementor-widget elementor-widget-heading\" data-id=\"850d69e\" data-element_type=\"widget\" data-e-type=\"widget\" data-widget_type=\"heading.default\">\n\t\t\t\t<div class=\"elementor-widget-container\">\n\t\t\t\t\t<h1 class=\"elementor-heading-title elementor-size-default\">Dinard and the surrounding area\n<\/h1>\t\t\t\t<\/div>\n\t\t\t\t<\/div>\n\t\t\t\t<div class=\"elementor-element elementor-element-f54d3fb hero-arrow elementor-view-default elementor-widget elementor-widget-icon\" data-id=\"f54d3fb\" data-element_type=\"widget\" data-e-type=\"widget\" data-widget_type=\"icon.default\">\n\t\t\t\t<div class=\"elementor-widget-container\">\n\t\t\t\t\t\t\t<div class=\"elementor-icon-wrapper\">\n\t\t\t<a class=\"elementor-icon\" href=\"#introduction\">\n\t\t\t<svg xmlns=\"http:\/\/www.w3.org\/2000\/svg\" width=\"15\" height=\"8\" viewbox=\"0 0 15 8\" fill=\"none\"><path d=\"M0.5 0.5L7.02174 7.02174L13.5435 0.5\" stroke=\"white\" stroke-linecap=\"round\"><\/path><\/svg>\t\t\t<\/a>\n\t\t<\/div>\n\t\t\t\t\t\t<\/div>\n\t\t\t\t<\/div>\n\t\t\t\t<\/div>\n\t\t\t\t\t<\/div>\n\t\t\t\t<\/div>\n\t\t<div class=\"elementor-element elementor-element-43b7287 e-flex e-con-boxed e-con e-parent\" data-id=\"43b7287\" data-element_type=\"container\" data-e-type=\"container\" id=\"introduction\">\n\t\t\t\t\t<div class=\"e-con-inner\">\n\t\t<div class=\"elementor-element elementor-element-5a42172 e-con-full e-flex e-con e-child\" data-id=\"5a42172\" data-element_type=\"container\" data-e-type=\"container\">\n\t\t\t\t<div class=\"elementor-element elementor-element-6a48502 animated-phrase elementor-widget elementor-widget-heading\" data-id=\"6a48502\" data-element_type=\"widget\" data-e-type=\"widget\" data-widget_type=\"heading.default\">\n\t\t\t\t<div class=\"elementor-widget-container\">\n\t\t\t\t\t<h2 class=\"elementor-heading-title elementor-size-default\">Dinard, Breton elegance between land and sea\n<\/h2>\t\t\t\t<\/div>\n\t\t\t\t<\/div>\n\t\t\t\t<\/div>\n\t\t<div class=\"elementor-element elementor-element-c55f372 e-con-full e-flex e-con e-child\" data-id=\"c55f372\" data-element_type=\"container\" data-e-type=\"container\">\n\t\t\t\t<div class=\"elementor-element elementor-element-cbcaf42 elementor-widget elementor-widget-text-editor\" data-id=\"cbcaf42\" data-element_type=\"widget\" data-e-type=\"widget\" data-widget_type=\"text-editor.default\">\n\t\t\t\t<div class=\"elementor-widget-container\">\n\t\t\t\t\t\t\t\t\t<p>Between strolls along the seawall, secret coves, art de vivre and festivals, Dinard cultivates a discreet charm. Just a stone's throw from the hotel, the C\u00f4te d'\u00c9meraude unveils its changing landscapes, lively markets and light-filled coastal paths.<\/p><p>\u00a0<\/p>\t\t\t\t\t\t\t\t<\/div>\n\t\t\t\t<\/div>\n\t\t\t\t<\/div>\n\t\t\t\t\t<\/div>\n\t\t\t\t<\/div>\n\t\t<div class=\"elementor-element elementor-element-8b1eee6 domaine-section_activites e-flex e-con-boxed e-con e-parent\" data-id=\"8b1eee6\" data-element_type=\"container\" data-e-type=\"container\">\n\t\t\t\t\t<div class=\"e-con-inner\">\n\t\t<div class=\"elementor-element elementor-element-cca2f58 e-con-full e-flex e-con e-child\" data-id=\"cca2f58\" data-element_type=\"container\" data-e-type=\"container\">\n\t\t\t\t<div class=\"elementor-element elementor-element-6d6a4f6 elementor-widget elementor-widget-heading\" data-id=\"6d6a4f6\" data-element_type=\"widget\" data-e-type=\"widget\" data-widget_type=\"heading.default\">\n\t\t\t\t<div class=\"elementor-widget-container\">\n\t\t\t\t\t<span class=\"elementor-heading-title elementor-size-default\">Discover the destination<\/span>\t\t\t\t<\/div>\n\t\t\t\t<\/div>\n\t\t\t\t<div class=\"elementor-element elementor-element-ee6e151 elementor-widget elementor-widget-heading\" data-id=\"ee6e151\" data-element_type=\"widget\" data-e-type=\"widget\" data-widget_type=\"heading.default\">\n\t\t\t\t<div class=\"elementor-widget-container\">\n\t\t\t\t\t<h2 class=\"elementor-heading-title elementor-size-default\">Dinard<\/h2>\t\t\t\t<\/div>\n\t\t\t\t<\/div>\n\t\t\t\t<\/div>\n\t\t<div class=\"elementor-element elementor-element-9636bb8 e-grid e-con-full activites-grille e-con e-child\" data-id=\"9636bb8\" data-element_type=\"container\" data-e-type=\"container\">\n\t\t<div class=\"elementor-element elementor-element-1e9b82e e-con-full activite-item e-flex e-con e-child\" data-id=\"1e9b82e\" data-element_type=\"container\" data-e-type=\"container\" data-settings=\"{&quot;background_background&quot;:&quot;classic&quot;}\">\n\t\t\t\t<div class=\"elementor-element elementor-element-0e0920e elementor-widget elementor-widget-heading\" data-id=\"0e0920e\" data-element_type=\"widget\" data-e-type=\"widget\" data-widget_type=\"heading.default\">\n\t\t\t\t<div class=\"elementor-widget-container\">\n\t\t\t\t\t<h2 class=\"elementor-heading-title elementor-size-default\">Dinard seaside resort<\/h2>\t\t\t\t<\/div>\n\t\t\t\t<\/div>\n\t\t<div class=\"elementor-element elementor-element-521dc33 e-con-full wrapper-txt-hover e-flex e-con e-child\" data-id=\"521dc33\" data-element_type=\"container\" data-e-type=\"container\">\n\t\t\t\t<div class=\"elementor-element elementor-element-82ee308 elementor-widget__width-initial elementor-widget elementor-widget-text-editor\" data-id=\"82ee308\" data-element_type=\"widget\" data-e-type=\"widget\" data-widget_type=\"text-editor.default\">\n\t\t\t\t<div class=\"elementor-widget-container\">\n\t\t\t\t\t\t\t\t\t<p>Dinard reveals Belle \u00c9poque villas, beaches and lively markets, festivals and maritime escapades to discover all year round.<\/p>\t\t\t\t\t\t\t\t<\/div>\n\t\t\t\t<\/div>\n\t\t<a class=\"elementor-element elementor-element-db51189 e-con-full common-cta-container btn_white e-flex e-con e-child\" data-id=\"db51189\" data-element_type=\"container\" data-e-type=\"container\" href=\"https:\/\/www.hoteldelavallee.com\/en\/tourisme\/dinard-cite-balneaire\/\">\n\t\t\t\t<div class=\"elementor-element elementor-element-099b211 common-cta-text elementor-widget elementor-widget-text-editor\" data-id=\"099b211\" data-element_type=\"widget\" data-e-type=\"widget\" data-widget_type=\"text-editor.default\">\n\t\t\t\t<div class=\"elementor-widget-container\">\n\t\t\t\t\t\t\t\t\t<p>Discover<\/p>\t\t\t\t\t\t\t\t<\/div>\n\t\t\t\t<\/div>\n\t\t\t\t<\/a>\n\t\t\t\t<\/div>\n\t\t\t\t<\/div>\n\t\t<div class=\"elementor-element elementor-element-cf63652 e-con-full activite-item e-flex e-con e-child\" data-id=\"cf63652\" data-element_type=\"container\" data-e-type=\"container\" data-settings=\"{&quot;background_background&quot;:&quot;classic&quot;}\">\n\t\t\t\t<div class=\"elementor-element elementor-element-af27f92 elementor-widget elementor-widget-heading\" data-id=\"af27f92\" data-element_type=\"widget\" data-e-type=\"widget\" data-widget_type=\"heading.default\">\n\t\t\t\t<div class=\"elementor-widget-container\">\n\t\t\t\t\t<h2 class=\"elementor-heading-title elementor-size-default\">The Moonlight Promenade\n\n<\/h2>\t\t\t\t<\/div>\n\t\t\t\t<\/div>\n\t\t<div class=\"elementor-element elementor-element-512b9ae e-con-full wrapper-txt-hover e-flex e-con e-child\" data-id=\"512b9ae\" data-element_type=\"container\" data-e-type=\"container\">\n\t\t\t\t<div class=\"elementor-element elementor-element-0ed7d6e elementor-widget__width-initial elementor-widget elementor-widget-text-editor\" data-id=\"0ed7d6e\" data-element_type=\"widget\" data-e-type=\"widget\" data-widget_type=\"text-editor.default\">\n\t\t\t\t<div class=\"elementor-widget-container\">\n\t\t\t\t\t\t\t\t\t<p>The Promenade du Clair de Lune links the Pointe to the Priory, offering panoramic views, villas and seaside stops.<\/p>\t\t\t\t\t\t\t\t<\/div>\n\t\t\t\t<\/div>\n\t\t<a class=\"elementor-element elementor-element-bbbd81f e-con-full common-cta-container btn_white e-flex e-con e-child\" data-id=\"bbbd81f\" data-element_type=\"container\" data-e-type=\"container\" href=\"https:\/\/www.hoteldelavallee.com\/en\/tourisme\/promenade-du-clair-de-lune\/\">\n\t\t\t\t<div class=\"elementor-element elementor-element-c0dc0fe common-cta-text elementor-widget elementor-widget-text-editor\" data-id=\"c0dc0fe\" data-element_type=\"widget\" data-e-type=\"widget\" data-widget_type=\"text-editor.default\">\n\t\t\t\t<div class=\"elementor-widget-container\">\n\t\t\t\t\t\t\t\t\t<p>Discover<\/p>\t\t\t\t\t\t\t\t<\/div>\n\t\t\t\t<\/div>\n\t\t\t\t<\/a>\n\t\t\t\t<\/div>\n\t\t\t\t<\/div>\n\t\t<div class=\"elementor-element elementor-element-f580d6e e-con-full activite-item e-flex e-con e-child\" data-id=\"f580d6e\" data-element_type=\"container\" data-e-type=\"container\" data-settings=\"{&quot;background_background&quot;:&quot;classic&quot;}\">\n\t\t\t\t<div class=\"elementor-element elementor-element-9f2feb7 elementor-widget elementor-widget-heading\" data-id=\"9f2feb7\" data-element_type=\"widget\" data-e-type=\"widget\" data-widget_type=\"heading.default\">\n\t\t\t\t<div class=\"elementor-widget-container\">\n\t\t\t\t\t<h2 class=\"elementor-heading-title elementor-size-default\">The beaches\n\n<\/h2>\t\t\t\t<\/div>\n\t\t\t\t<\/div>\n\t\t<div class=\"elementor-element elementor-element-57e93da e-con-full wrapper-txt-hover e-flex e-con e-child\" data-id=\"57e93da\" data-element_type=\"container\" data-e-type=\"container\">\n\t\t\t\t<div class=\"elementor-element elementor-element-987719c elementor-widget__width-initial elementor-widget elementor-widget-text-editor\" data-id=\"987719c\" data-element_type=\"widget\" data-e-type=\"widget\" data-widget_type=\"text-editor.default\">\n\t\t\t\t<div class=\"elementor-widget-container\">\n\t\t\t\t\t\t\t\t\t<p>Dinard's beaches, striped tents and coves, combine swimming, water sports and quiet moments.<\/p>\t\t\t\t\t\t\t\t<\/div>\n\t\t\t\t<\/div>\n\t\t<a class=\"elementor-element elementor-element-dafd0f2 e-con-full common-cta-container btn_white e-flex e-con e-child\" data-id=\"dafd0f2\" data-element_type=\"container\" data-e-type=\"container\" href=\"https:\/\/www.hoteldelavallee.com\/en\/tourisme\/plages\/\">\n\t\t\t\t<div class=\"elementor-element elementor-element-90f5b6d common-cta-text elementor-widget elementor-widget-text-editor\" data-id=\"90f5b6d\" data-element_type=\"widget\" data-e-type=\"widget\" data-widget_type=\"text-editor.default\">\n\t\t\t\t<div class=\"elementor-widget-container\">\n\t\t\t\t\t\t\t\t\t<p>Discover<\/p>\t\t\t\t\t\t\t\t<\/div>\n\t\t\t\t<\/div>\n\t\t\t\t<\/a>\n\t\t\t\t<\/div>\n\t\t\t\t<\/div>\n\t\t<div class=\"elementor-element elementor-element-9b63da6 e-con-full activite-item e-flex e-con e-child\" data-id=\"9b63da6\" data-element_type=\"container\" data-e-type=\"container\" data-settings=\"{&quot;background_background&quot;:&quot;classic&quot;}\">\n\t\t\t\t<div class=\"elementor-element elementor-element-201b583 elementor-widget elementor-widget-heading\" data-id=\"201b583\" data-element_type=\"widget\" data-e-type=\"widget\" data-widget_type=\"heading.default\">\n\t\t\t\t<div class=\"elementor-widget-container\">\n\t\t\t\t\t<h2 class=\"elementor-heading-title elementor-size-default\">Boat excursions\n<\/h2>\t\t\t\t<\/div>\n\t\t\t\t<\/div>\n\t\t<div class=\"elementor-element elementor-element-8270560 e-con-full wrapper-txt-hover e-flex e-con e-child\" data-id=\"8270560\" data-element_type=\"container\" data-e-type=\"container\">\n\t\t\t\t<div class=\"elementor-element elementor-element-96c5159 elementor-widget__width-initial elementor-widget elementor-widget-text-editor\" data-id=\"96c5159\" data-element_type=\"widget\" data-e-type=\"widget\" data-widget_type=\"text-editor.default\">\n\t\t\t\t<div class=\"elementor-widget-container\">\n\t\t\t\t\t\t\t\t\t<p>Sea excursions reveal sculpted cliffs, nearby islands and marine panoramas: guided outings or theme cruises.<\/p>\t\t\t\t\t\t\t\t<\/div>\n\t\t\t\t<\/div>\n\t\t<a class=\"elementor-element elementor-element-fa36a1c e-con-full common-cta-container btn_white e-flex e-con e-child\" data-id=\"fa36a1c\" data-element_type=\"container\" data-e-type=\"container\" href=\"https:\/\/www.hoteldelavallee.com\/en\/tourisme\/excursions-en-bateau\/\">\n\t\t\t\t<div class=\"elementor-element elementor-element-083ca69 common-cta-text elementor-widget elementor-widget-text-editor\" data-id=\"083ca69\" data-element_type=\"widget\" data-e-type=\"widget\" data-widget_type=\"text-editor.default\">\n\t\t\t\t<div class=\"elementor-widget-container\">\n\t\t\t\t\t\t\t\t\t<p>Discover<\/p>\t\t\t\t\t\t\t\t<\/div>\n\t\t\t\t<\/div>\n\t\t\t\t<\/a>\n\t\t\t\t<\/div>\n\t\t\t\t<\/div>\n\t\t<div class=\"elementor-element elementor-element-80ff3fd e-con-full activite-item e-flex e-con e-child\" data-id=\"80ff3fd\" data-element_type=\"container\" data-e-type=\"container\" data-settings=\"{&quot;background_background&quot;:&quot;classic&quot;}\">\n\t\t\t\t<div class=\"elementor-element elementor-element-324ccc9 elementor-widget elementor-widget-heading\" data-id=\"324ccc9\" data-element_type=\"widget\" data-e-type=\"widget\" data-widget_type=\"heading.default\">\n\t\t\t\t<div class=\"elementor-widget-container\">\n\t\t\t\t\t<h2 class=\"elementor-heading-title elementor-size-default\">C\u00e9zembre Island<\/h2>\t\t\t\t<\/div>\n\t\t\t\t<\/div>\n\t\t<div class=\"elementor-element elementor-element-0456f29 e-con-full wrapper-txt-hover e-flex e-con e-child\" data-id=\"0456f29\" data-element_type=\"container\" data-e-type=\"container\">\n\t\t\t\t<div class=\"elementor-element elementor-element-1d14596 elementor-widget__width-initial elementor-widget elementor-widget-text-editor\" data-id=\"1d14596\" data-element_type=\"widget\" data-e-type=\"widget\" data-widget_type=\"text-editor.default\">\n\t\t\t\t<div class=\"elementor-widget-container\">\n\t\t\t\t\t\t\t\t\t<p>C\u00e9zembre, a wild island close to Dinard, offers beaches, historical relics and nature escapades to preserve and discover.<\/p>\t\t\t\t\t\t\t\t<\/div>\n\t\t\t\t<\/div>\n\t\t<a class=\"elementor-element elementor-element-a5729a9 e-con-full common-cta-container btn_white e-flex e-con e-child\" data-id=\"a5729a9\" data-element_type=\"container\" data-e-type=\"container\" href=\"https:\/\/www.hoteldelavallee.com\/en\/tourisme\/ile-de-cezembre\/\">\n\t\t\t\t<div class=\"elementor-element elementor-element-a9fa273 common-cta-text elementor-widget elementor-widget-text-editor\" data-id=\"a9fa273\" data-element_type=\"widget\" data-e-type=\"widget\" data-widget_type=\"text-editor.default\">\n\t\t\t\t<div class=\"elementor-widget-container\">\n\t\t\t\t\t\t\t\t\t<p>Discover<\/p>\t\t\t\t\t\t\t\t<\/div>\n\t\t\t\t<\/div>\n\t\t\t\t<\/a>\n\t\t\t\t<\/div>\n\t\t\t\t<\/div>\n\t\t\t\t<\/div>\n\t\t\t\t\t<\/div>\n\t\t\t\t<\/div>\n\t\t<div class=\"elementor-element elementor-element-0ce97da e-flex e-con-boxed e-con e-parent\" data-id=\"0ce97da\" data-element_type=\"container\" data-e-type=\"container\">\n\t\t\t\t\t<div class=\"e-con-inner\">\n\t\t<div class=\"elementor-element elementor-element-741e975 e-con-full e-flex e-con e-child\" data-id=\"741e975\" data-element_type=\"container\" data-e-type=\"container\">\n\t\t<div class=\"elementor-element elementor-element-9944556 e-con-full e-flex e-con e-child\" data-id=\"9944556\" data-element_type=\"container\" data-e-type=\"container\">\n\t\t\t\t<div class=\"elementor-element elementor-element-4805564 elementor-widget elementor-widget-heading\" data-id=\"4805564\" data-element_type=\"widget\" data-e-type=\"widget\" data-widget_type=\"heading.default\">\n\t\t\t\t<div class=\"elementor-widget-container\">\n\t\t\t\t\t<span class=\"elementor-heading-title elementor-size-default\">Restaurant<\/span>\t\t\t\t<\/div>\n\t\t\t\t<\/div>\n\t\t<a class=\"elementor-element elementor-element-7f9f949 e-con-full common-cta-container e-flex e-con e-child\" data-id=\"7f9f949\" data-element_type=\"container\" data-e-type=\"container\" href=\"https:\/\/www.hoteldelavallee.com\/en\/restaurant\/\">\n\t\t\t\t<div class=\"elementor-element elementor-element-1bfb003 common-cta-text elementor-widget elementor-widget-text-editor\" data-id=\"1bfb003\" data-element_type=\"widget\" data-e-type=\"widget\" data-widget_type=\"text-editor.default\">\n\t\t\t\t<div class=\"elementor-widget-container\">\n\t\t\t\t\t\t\t\t\t<p>Discover<\/p>\t\t\t\t\t\t\t\t<\/div>\n\t\t\t\t<\/div>\n\t\t\t\t<\/a>\n\t\t\t\t<\/div>\n\t\t\t\t<div class=\"elementor-element elementor-element-b725e7c elementor-widget__width-initial elementor-widget-mobile__width-initial elementor-widget elementor-widget-image\" data-id=\"b725e7c\" data-element_type=\"widget\" data-e-type=\"widget\" data-widget_type=\"image.default\">\n\t\t\t\t<div class=\"elementor-widget-container\">\n\t\t\t\t\t\t\t\t\t\t\t\t\t\t\t<img fetchpriority=\"high\" decoding=\"async\" width=\"1365\" height=\"2048\" src=\"https:\/\/www.hoteldelavallee.com\/wp-content\/uploads\/2026\/02\/aperitif-terrasse-la-vallee.jpg\" class=\"attachment-full size-full wp-image-2949\" alt=\"\" srcset=\"https:\/\/www.hoteldelavallee.com\/wp-content\/uploads\/2026\/02\/aperitif-terrasse-la-vallee.jpg 1365w, https:\/\/www.hoteldelavallee.com\/wp-content\/uploads\/2026\/02\/aperitif-terrasse-la-vallee-200x300.jpg 200w, https:\/\/www.hoteldelavallee.com\/wp-content\/uploads\/2026\/02\/aperitif-terrasse-la-vallee-683x1024.jpg 683w, https:\/\/www.hoteldelavallee.com\/wp-content\/uploads\/2026\/02\/aperitif-terrasse-la-vallee-768x1152.jpg 768w, https:\/\/www.hoteldelavallee.com\/wp-content\/uploads\/2026\/02\/aperitif-terrasse-la-vallee-1024x1536.jpg 1024w, https:\/\/www.hoteldelavallee.com\/wp-content\/uploads\/2026\/02\/aperitif-terrasse-la-vallee-8x12.jpg 8w\" sizes=\"(max-width: 1365px) 100vw, 1365px\" title=\"\">\t\t\t\t\t\t\t\t\t\t\t\t\t\t\t<\/div>\n\t\t\t\t<\/div>\n\t\t\t\t<\/div>\n\t\t<div class=\"elementor-element elementor-element-9c70fa3 e-con-full e-flex e-con e-child\" data-id=\"9c70fa3\" data-element_type=\"container\" data-e-type=\"container\">\n\t\t\t\t<div class=\"elementor-element elementor-element-db0b11f elementor-widget__width-initial elementor-widget elementor-widget-image\" data-id=\"db0b11f\" data-element_type=\"widget\" data-e-type=\"widget\" data-widget_type=\"image.default\">\n\t\t\t\t<div class=\"elementor-widget-container\">\n\t\t\t\t\t\t\t\t\t\t\t\t\t\t\t<img decoding=\"async\" width=\"1365\" height=\"2048\" src=\"https:\/\/www.hoteldelavallee.com\/wp-content\/uploads\/2026\/02\/restaurant-dinard-vue-mer-1.jpg\" class=\"attachment-full size-full wp-image-2937\" alt=\"\" srcset=\"https:\/\/www.hoteldelavallee.com\/wp-content\/uploads\/2026\/02\/restaurant-dinard-vue-mer-1.jpg 1365w, https:\/\/www.hoteldelavallee.com\/wp-content\/uploads\/2026\/02\/restaurant-dinard-vue-mer-1-200x300.jpg 200w, https:\/\/www.hoteldelavallee.com\/wp-content\/uploads\/2026\/02\/restaurant-dinard-vue-mer-1-683x1024.jpg 683w, https:\/\/www.hoteldelavallee.com\/wp-content\/uploads\/2026\/02\/restaurant-dinard-vue-mer-1-768x1152.jpg 768w, https:\/\/www.hoteldelavallee.com\/wp-content\/uploads\/2026\/02\/restaurant-dinard-vue-mer-1-1024x1536.jpg 1024w, https:\/\/www.hoteldelavallee.com\/wp-content\/uploads\/2026\/02\/restaurant-dinard-vue-mer-1-8x12.jpg 8w\" sizes=\"(max-width: 1365px) 100vw, 1365px\" title=\"\">\t\t\t\t\t\t\t\t\t\t\t\t\t\t\t<\/div>\n\t\t\t\t<\/div>\n\t\t<div class=\"elementor-element elementor-element-49acbc1 e-con-full e-flex e-con e-child\" data-id=\"49acbc1\" data-element_type=\"container\" data-e-type=\"container\">\n\t\t\t\t<div class=\"elementor-element elementor-element-a1576aa elementor-widget elementor-widget-heading\" data-id=\"a1576aa\" data-element_type=\"widget\" data-e-type=\"widget\" data-widget_type=\"heading.default\">\n\t\t\t\t<div class=\"elementor-widget-container\">\n\t\t\t\t\t<span class=\"elementor-heading-title elementor-size-default\">Seminars<\/span>\t\t\t\t<\/div>\n\t\t\t\t<\/div>\n\t\t<a class=\"elementor-element elementor-element-9056049 e-con-full common-cta-container e-flex e-con e-child\" data-id=\"9056049\" data-element_type=\"container\" data-e-type=\"container\" href=\"https:\/\/www.hoteldelavallee.com\/en\/seminaire\/\">\n\t\t\t\t<div class=\"elementor-element elementor-element-c00ae59 common-cta-text elementor-widget elementor-widget-text-editor\" data-id=\"c00ae59\" data-element_type=\"widget\" data-e-type=\"widget\" data-widget_type=\"text-editor.default\">\n\t\t\t\t<div class=\"elementor-widget-container\">\n\t\t\t\t\t\t\t\t\t<p>Discover<\/p>\t\t\t\t\t\t\t\t<\/div>\n\t\t\t\t<\/div>\n\t\t\t\t<\/a>\n\t\t\t\t<\/div>\n\t\t\t\t<\/div>\n\t\t<div class=\"elementor-element elementor-element-bf2d516 e-con-full e-flex e-con e-child\" data-id=\"bf2d516\" data-element_type=\"container\" data-e-type=\"container\">\n\t\t<div class=\"elementor-element elementor-element-9f109e3 e-con-full e-flex e-con e-child\" data-id=\"9f109e3\" data-element_type=\"container\" data-e-type=\"container\">\n\t\t\t\t<div class=\"elementor-element elementor-element-f451135 elementor-widget elementor-widget-heading\" data-id=\"f451135\" data-element_type=\"widget\" data-e-type=\"widget\" data-widget_type=\"heading.default\">\n\t\t\t\t<div class=\"elementor-widget-container\">\n\t\t\t\t\t<span class=\"elementor-heading-title elementor-size-default\">Rooms<\/span>\t\t\t\t<\/div>\n\t\t\t\t<\/div>\n\t\t<a class=\"elementor-element elementor-element-d3932f0 e-con-full common-cta-container e-flex e-con e-child\" data-id=\"d3932f0\" data-element_type=\"container\" data-e-type=\"container\" href=\"https:\/\/www.hoteldelavallee.com\/en\/chambres\/\">\n\t\t\t\t<div class=\"elementor-element elementor-element-2be0817 common-cta-text elementor-widget elementor-widget-text-editor\" data-id=\"2be0817\" data-element_type=\"widget\" data-e-type=\"widget\" data-widget_type=\"text-editor.default\">\n\t\t\t\t<div class=\"elementor-widget-container\">\n\t\t\t\t\t\t\t\t\t<p>Discover<\/p>\t\t\t\t\t\t\t\t<\/div>\n\t\t\t\t<\/div>\n\t\t\t\t<\/a>\n\t\t\t\t<\/div>\n\t\t\t\t<div class=\"elementor-element elementor-element-b70f294 elementor-widget__width-initial elementor-widget elementor-widget-image\" data-id=\"b70f294\" data-element_type=\"widget\" data-e-type=\"widget\" data-widget_type=\"image.default\">\n\t\t\t\t<div class=\"elementor-widget-container\">\n\t\t\t\t\t\t\t\t\t\t\t\t\t\t\t<img decoding=\"async\" width=\"1365\" height=\"2048\" src=\"https:\/\/www.hoteldelavallee.com\/wp-content\/uploads\/2026\/02\/DSCF9673_j.lozay_.jpg\" class=\"attachment-full size-full wp-image-2876\" alt=\"\" srcset=\"https:\/\/www.hoteldelavallee.com\/wp-content\/uploads\/2026\/02\/DSCF9673_j.lozay_.jpg 1365w, https:\/\/www.hoteldelavallee.com\/wp-content\/uploads\/2026\/02\/DSCF9673_j.lozay_-200x300.jpg 200w, https:\/\/www.hoteldelavallee.com\/wp-content\/uploads\/2026\/02\/DSCF9673_j.lozay_-683x1024.jpg 683w, https:\/\/www.hoteldelavallee.com\/wp-content\/uploads\/2026\/02\/DSCF9673_j.lozay_-768x1152.jpg 768w, https:\/\/www.hoteldelavallee.com\/wp-content\/uploads\/2026\/02\/DSCF9673_j.lozay_-1024x1536.jpg 1024w, https:\/\/www.hoteldelavallee.com\/wp-content\/uploads\/2026\/02\/DSCF9673_j.lozay_-8x12.jpg 8w\" sizes=\"(max-width: 1365px) 100vw, 1365px\" title=\"\">\t\t\t\t\t\t\t\t\t\t\t\t\t\t\t<\/div>\n\t\t\t\t<\/div>\n\t\t\t\t<\/div>\n\t\t\t\t\t<\/div>\n\t\t\t\t<\/div>\n\t\t\t\t<\/div>","protected":false},"excerpt":{"rendered":"<p>destination Dinard Visiter Dinard et ses alentours Dinard, l\u2019\u00e9l\u00e9gance bretonne entre terre et mer Entre balades sur la digue, criques secr\u00e8tes, art de vivre et festivals, Dinard cultive un charme discret. \u00c0 quelques pas de l\u2019h\u00f4tel, la C\u00f4te d\u2019\u00c9meraude d\u00e9voile ses paysages changeants, ses march\u00e9s anim\u00e9s et ses sentiers c\u00f4tiers baign\u00e9s de lumi\u00e8re. \u00a0 D\u00e9couvrer [&hellip;]<\/p>\n","protected":false},"author":13,"featured_media":0,"parent":0,"menu_order":0,"comment_status":"closed","ping_status":"closed","template":"","meta":{"_acf_changed":false,"inline_featured_image":false,"footnotes":""},"class_list":["post-257","page","type-page","status-publish","hentry"],"acf":[],"_links":{"self":[{"href":"https:\/\/www.hoteldelavallee.com\/en\/wp-json\/wp\/v2\/pages\/257","targetHints":{"allow":["GET"]}}],"collection":[{"href":"https:\/\/www.hoteldelavallee.com\/en\/wp-json\/wp\/v2\/pages"}],"about":[{"href":"https:\/\/www.hoteldelavallee.com\/en\/wp-json\/wp\/v2\/types\/page"}],"author":[{"embeddable":true,"href":"https:\/\/www.hoteldelavallee.com\/en\/wp-json\/wp\/v2\/users\/13"}],"replies":[{"embeddable":true,"href":"https:\/\/www.hoteldelavallee.com\/en\/wp-json\/wp\/v2\/comments?post=257"}],"version-history":[{"count":70,"href":"https:\/\/www.hoteldelavallee.com\/en\/wp-json\/wp\/v2\/pages\/257\/revisions"}],"predecessor-version":[{"id":2966,"href":"https:\/\/www.hoteldelavallee.com\/en\/wp-json\/wp\/v2\/pages\/257\/revisions\/2966"}],"wp:attachment":[{"href":"https:\/\/www.hoteldelavallee.com\/en\/wp-json\/wp\/v2\/media?parent=257"}],"curies":[{"name":"wp","href":"https:\/\/api.w.org\/{rel}","templated":true}]}}