{"id":1348,"date":"2026-01-27T12:10:58","date_gmt":"2026-01-27T11:10:58","guid":{"rendered":"https:\/\/www.hoteldelavallee.com\/?page_id=1348"},"modified":"2026-02-13T10:48:56","modified_gmt":"2026-02-13T09:48:56","slug":"beaches","status":"publish","type":"page","link":"https:\/\/www.hoteldelavallee.com\/en\/tourisme\/plages\/","title":{"rendered":"The beaches"},"content":{"rendered":"<div data-elementor-type=\"wp-page\" data-elementor-id=\"1348\" class=\"elementor elementor-1348\" data-elementor-post-type=\"page\">\n\t\t\t\t<div class=\"elementor-element elementor-element-8112e77 e-flex e-con-boxed e-con e-parent\" data-id=\"8112e77\" data-element_type=\"container\" data-e-type=\"container\" data-settings=\"{&quot;background_background&quot;:&quot;classic&quot;}\">\n\t\t\t\t\t<div class=\"e-con-inner\">\n\t\t<div class=\"elementor-element elementor-element-c1b28e6 e-con-full e-flex e-con e-child\" data-id=\"c1b28e6\" data-element_type=\"container\" data-e-type=\"container\">\n\t\t\t\t<div class=\"elementor-element elementor-element-25c0e99 elementor-widget elementor-widget-text-editor\" data-id=\"25c0e99\" data-element_type=\"widget\" data-e-type=\"widget\" data-widget_type=\"text-editor.default\">\n\t\t\t\t<div class=\"elementor-widget-container\">\n\t\t\t\t\t\t\t\t\t<h1>The beaches<\/h1>\t\t\t\t\t\t\t\t<\/div>\n\t\t\t\t<\/div>\n\t\t\t\t<div class=\"elementor-element elementor-element-7521329d elementor-widget elementor-widget-heading\" data-id=\"7521329d\" data-element_type=\"widget\" data-e-type=\"widget\" data-widget_type=\"heading.default\">\n\t\t\t\t<div class=\"elementor-widget-container\">\n\t\t\t\t\t<span class=\"elementor-heading-title elementor-size-default\">Activities &amp; excursions<\/span>\t\t\t\t<\/div>\n\t\t\t\t<\/div>\n\t\t\t\t<div class=\"elementor-element elementor-element-77668862 hero-arrow elementor-view-default elementor-widget elementor-widget-icon\" data-id=\"77668862\" data-element_type=\"widget\" data-e-type=\"widget\" data-widget_type=\"icon.default\">\n\t\t\t\t<div class=\"elementor-widget-container\">\n\t\t\t\t\t\t\t<div class=\"elementor-icon-wrapper\">\n\t\t\t<a class=\"elementor-icon\" href=\"#introduction\">\n\t\t\t<svg xmlns=\"http:\/\/www.w3.org\/2000\/svg\" width=\"15\" height=\"8\" viewbox=\"0 0 15 8\" fill=\"none\"><path d=\"M0.5 0.5L7.02174 7.02174L13.5435 0.5\" stroke=\"white\" stroke-linecap=\"round\"><\/path><\/svg>\t\t\t<\/a>\n\t\t<\/div>\n\t\t\t\t\t\t<\/div>\n\t\t\t\t<\/div>\n\t\t\t\t<\/div>\n\t\t\t\t\t<\/div>\n\t\t\t\t<\/div>\n\t\t<div class=\"elementor-element elementor-element-3898f6d3 restauration-section_rotisserie global-anim_img-upwards e-flex e-con-boxed e-con e-parent\" data-id=\"3898f6d3\" data-element_type=\"container\" data-e-type=\"container\">\n\t\t\t\t\t<div class=\"e-con-inner\">\n\t\t<div class=\"elementor-element elementor-element-e067cf1 e-con-full e-flex e-con e-child\" data-id=\"e067cf1\" data-element_type=\"container\" data-e-type=\"container\">\n\t\t<div class=\"elementor-element elementor-element-645a719b e-con-full e-flex e-con e-child\" data-id=\"645a719b\" data-element_type=\"container\" data-e-type=\"container\">\n\t\t\t\t<div class=\"elementor-element elementor-element-a1808e0 elementor-widget elementor-widget-heading\" data-id=\"a1808e0\" data-element_type=\"widget\" data-e-type=\"widget\" data-widget_type=\"heading.default\">\n\t\t\t\t<div class=\"elementor-widget-container\">\n\t\t\t\t\t<h2 class=\"elementor-heading-title elementor-size-default\">the heart of Dinard<\/h2>\t\t\t\t<\/div>\n\t\t\t\t<\/div>\n\t\t\t\t<div class=\"elementor-element elementor-element-1645994 elementor-widget elementor-widget-heading\" data-id=\"1645994\" data-element_type=\"widget\" data-e-type=\"widget\" data-widget_type=\"heading.default\">\n\t\t\t\t<div class=\"elementor-widget-container\">\n\t\t\t\t\t<span class=\"elementor-heading-title elementor-size-default\">Plage de l'\u00c9cluse<\/span>\t\t\t\t<\/div>\n\t\t\t\t<\/div>\n\t\t\t\t<\/div>\n\t\t\t\t<div class=\"elementor-element elementor-element-206d8ea2 global-content-width elementor-widget elementor-widget-text-editor\" data-id=\"206d8ea2\" data-element_type=\"widget\" data-e-type=\"widget\" data-widget_type=\"text-editor.default\">\n\t\t\t\t<div class=\"elementor-widget-container\">\n\t\t\t\t\t\t\t\t\t<p>L'\u00c9cluse beach, in the center of town, seduces with its fine sand and striped tents. Lined with caf\u00e9s and water sports, it welcomes families and swimmers alike. In summer, it's a lively place, while in the off-season, the sea reclaims its rights, offering tranquility and space for contemplation, each season different from the next.<\/p><p>\u00a0<\/p>\t\t\t\t\t\t\t\t<\/div>\n\t\t\t\t<\/div>\n\t\t\t\t<\/div>\n\t\t\t\t<div class=\"elementor-element elementor-element-3ef21ae4 elementor-widget__width-initial img img-upwards elementor-widget elementor-widget-image\" data-id=\"3ef21ae4\" data-element_type=\"widget\" data-e-type=\"widget\" data-widget_type=\"image.default\">\n\t\t\t\t<div class=\"elementor-widget-container\">\n\t\t\t\t\t\t\t\t\t\t\t\t\t\t\t<img fetchpriority=\"high\" decoding=\"async\" width=\"1365\" height=\"2048\" src=\"https:\/\/www.hoteldelavallee.com\/wp-content\/uploads\/2026\/02\/tourisme-dinard.webp\" class=\"attachment-full size-full wp-image-2838\" alt=\"\" srcset=\"https:\/\/www.hoteldelavallee.com\/wp-content\/uploads\/2026\/02\/tourisme-dinard.webp 1365w, https:\/\/www.hoteldelavallee.com\/wp-content\/uploads\/2026\/02\/tourisme-dinard-200x300.webp 200w, https:\/\/www.hoteldelavallee.com\/wp-content\/uploads\/2026\/02\/tourisme-dinard-683x1024.webp 683w, https:\/\/www.hoteldelavallee.com\/wp-content\/uploads\/2026\/02\/tourisme-dinard-768x1152.webp 768w, https:\/\/www.hoteldelavallee.com\/wp-content\/uploads\/2026\/02\/tourisme-dinard-1024x1536.webp 1024w, https:\/\/www.hoteldelavallee.com\/wp-content\/uploads\/2026\/02\/tourisme-dinard-8x12.webp 8w\" sizes=\"(max-width: 1365px) 100vw, 1365px\" title=\"\">\t\t\t\t\t\t\t\t\t\t\t\t\t\t\t<\/div>\n\t\t\t\t<\/div>\n\t\t\t\t\t<\/div>\n\t\t\t\t<\/div>\n\t\t<div class=\"elementor-element elementor-element-19483d32 restauration-section_creperie global-anim_img-upwards e-flex e-con-boxed e-con e-parent\" data-id=\"19483d32\" data-element_type=\"container\" data-e-type=\"container\">\n\t\t\t\t\t<div class=\"e-con-inner\">\n\t\t\t\t<div class=\"elementor-element elementor-element-78f1292b elementor-widget__width-initial img img-upwards elementor-widget elementor-widget-image\" data-id=\"78f1292b\" data-element_type=\"widget\" data-e-type=\"widget\" data-widget_type=\"image.default\">\n\t\t\t\t<div class=\"elementor-widget-container\">\n\t\t\t\t\t\t\t\t\t\t\t\t\t\t\t<img decoding=\"async\" width=\"1936\" height=\"2560\" src=\"https:\/\/www.hoteldelavallee.com\/wp-content\/uploads\/2026\/02\/plage-dinard-1-scaled.webp\" class=\"attachment-full size-full wp-image-2837\" alt=\"\" srcset=\"https:\/\/www.hoteldelavallee.com\/wp-content\/uploads\/2026\/02\/plage-dinard-1-scaled.webp 1936w, https:\/\/www.hoteldelavallee.com\/wp-content\/uploads\/2026\/02\/plage-dinard-1-227x300.webp 227w, https:\/\/www.hoteldelavallee.com\/wp-content\/uploads\/2026\/02\/plage-dinard-1-774x1024.webp 774w, https:\/\/www.hoteldelavallee.com\/wp-content\/uploads\/2026\/02\/plage-dinard-1-768x1015.webp 768w, https:\/\/www.hoteldelavallee.com\/wp-content\/uploads\/2026\/02\/plage-dinard-1-1162x1536.webp 1162w, https:\/\/www.hoteldelavallee.com\/wp-content\/uploads\/2026\/02\/plage-dinard-1-1549x2048.webp 1549w, https:\/\/www.hoteldelavallee.com\/wp-content\/uploads\/2026\/02\/plage-dinard-1-9x12.webp 9w\" sizes=\"(max-width: 1936px) 100vw, 1936px\" title=\"\">\t\t\t\t\t\t\t\t\t\t\t\t\t\t\t<\/div>\n\t\t\t\t<\/div>\n\t\t<div class=\"elementor-element elementor-element-4448d5b2 e-con-full e-flex e-con e-child\" data-id=\"4448d5b2\" data-element_type=\"container\" data-e-type=\"container\">\n\t\t<div class=\"elementor-element elementor-element-bf03e71 e-con-full e-flex e-con e-child\" data-id=\"bf03e71\" data-element_type=\"container\" data-e-type=\"container\">\n\t\t\t\t<div class=\"elementor-element elementor-element-62888a1a elementor-widget elementor-widget-heading\" data-id=\"62888a1a\" data-element_type=\"widget\" data-e-type=\"widget\" data-widget_type=\"heading.default\">\n\t\t\t\t<div class=\"elementor-widget-container\">\n\t\t\t\t\t<span class=\"elementor-heading-title elementor-size-default\">Softness and activity\n<\/span>\t\t\t\t<\/div>\n\t\t\t\t<\/div>\n\t\t\t\t<div class=\"elementor-element elementor-element-3bbdc7eb elementor-widget elementor-widget-heading\" data-id=\"3bbdc7eb\" data-element_type=\"widget\" data-e-type=\"widget\" data-widget_type=\"heading.default\">\n\t\t\t\t<div class=\"elementor-widget-container\">\n\t\t\t\t\t<h2 class=\"elementor-heading-title elementor-size-default\">Plage du Prieur\u00e9 &amp; Saint-\u00c9nogat<\/h2>\t\t\t\t<\/div>\n\t\t\t\t<\/div>\n\t\t\t\t<\/div>\n\t\t\t\t<div class=\"elementor-element elementor-element-3537e4d8 global-content-width elementor-widget elementor-widget-text-editor\" data-id=\"3537e4d8\" data-element_type=\"widget\" data-e-type=\"widget\" data-widget_type=\"text-editor.default\">\n\t\t\t\t<div class=\"elementor-widget-container\">\n\t\t\t\t\t\t\t\t\t<p>Plage du Prieur\u00e9 offers a seawater pool and a family-friendly setting, while Saint-\u00c9nogat charms with its authentic atmosphere. Nautical clubs, small coves and coastal paths invite you to explore. Perfect for sunny days, these beaches showcase the peaceful diversity of the C\u00f4te d'\u00c9meraude, near Dinard.<\/p><p>\u00a0<\/p>\t\t\t\t\t\t\t\t<\/div>\n\t\t\t\t<\/div>\n\t\t\t\t<\/div>\n\t\t\t\t\t<\/div>\n\t\t\t\t<\/div>\n\t\t<div class=\"elementor-element elementor-element-780d781 e-flex e-con-boxed e-con e-parent\" data-id=\"780d781\" data-element_type=\"container\" data-e-type=\"container\">\n\t\t\t\t\t<div class=\"e-con-inner\">\n\t\t<div class=\"elementor-element elementor-element-7b213f9d e-con-full e-flex e-con e-child\" data-id=\"7b213f9d\" data-element_type=\"container\" data-e-type=\"container\">\n\t\t<div class=\"elementor-element elementor-element-634d6108 e-con-full e-flex e-con e-child\" data-id=\"634d6108\" data-element_type=\"container\" data-e-type=\"container\">\n\t\t\t\t<div class=\"elementor-element elementor-element-24cb07e7 elementor-widget elementor-widget-heading\" data-id=\"24cb07e7\" data-element_type=\"widget\" data-e-type=\"widget\" data-widget_type=\"heading.default\">\n\t\t\t\t<div class=\"elementor-widget-container\">\n\t\t\t\t\t<span class=\"elementor-heading-title elementor-size-default\">Seminars<\/span>\t\t\t\t<\/div>\n\t\t\t\t<\/div>\n\t\t<a class=\"elementor-element elementor-element-20e57259 e-con-full common-cta-container e-flex e-con e-child\" data-id=\"20e57259\" data-element_type=\"container\" data-e-type=\"container\" href=\"https:\/\/www.hoteldelavallee.com\/en\/seminaire\/\">\n\t\t\t\t<div class=\"elementor-element elementor-element-6c0630cd common-cta-text elementor-widget elementor-widget-text-editor\" data-id=\"6c0630cd\" data-element_type=\"widget\" data-e-type=\"widget\" data-widget_type=\"text-editor.default\">\n\t\t\t\t<div class=\"elementor-widget-container\">\n\t\t\t\t\t\t\t\t\t<p>Discover<\/p>\t\t\t\t\t\t\t\t<\/div>\n\t\t\t\t<\/div>\n\t\t\t\t<\/a>\n\t\t\t\t<\/div>\n\t\t\t\t<div class=\"elementor-element elementor-element-6a5ecc4a elementor-widget__width-initial elementor-widget-mobile__width-initial elementor-widget elementor-widget-image\" data-id=\"6a5ecc4a\" data-element_type=\"widget\" data-e-type=\"widget\" data-widget_type=\"image.default\">\n\t\t\t\t<div class=\"elementor-widget-container\">\n\t\t\t\t\t\t\t\t\t\t\t\t\t\t\t<img decoding=\"async\" width=\"1365\" height=\"2048\" src=\"https:\/\/www.hoteldelavallee.com\/wp-content\/uploads\/2026\/02\/cafe-terrasse-hotel.jpg\" class=\"attachment-full size-full wp-image-2947\" alt=\"\" srcset=\"https:\/\/www.hoteldelavallee.com\/wp-content\/uploads\/2026\/02\/cafe-terrasse-hotel.jpg 1365w, https:\/\/www.hoteldelavallee.com\/wp-content\/uploads\/2026\/02\/cafe-terrasse-hotel-200x300.jpg 200w, https:\/\/www.hoteldelavallee.com\/wp-content\/uploads\/2026\/02\/cafe-terrasse-hotel-683x1024.jpg 683w, https:\/\/www.hoteldelavallee.com\/wp-content\/uploads\/2026\/02\/cafe-terrasse-hotel-768x1152.jpg 768w, https:\/\/www.hoteldelavallee.com\/wp-content\/uploads\/2026\/02\/cafe-terrasse-hotel-1024x1536.jpg 1024w, https:\/\/www.hoteldelavallee.com\/wp-content\/uploads\/2026\/02\/cafe-terrasse-hotel-8x12.jpg 8w\" sizes=\"(max-width: 1365px) 100vw, 1365px\" title=\"\">\t\t\t\t\t\t\t\t\t\t\t\t\t\t\t<\/div>\n\t\t\t\t<\/div>\n\t\t\t\t<\/div>\n\t\t<div class=\"elementor-element elementor-element-6a7c94dd e-con-full e-flex e-con e-child\" data-id=\"6a7c94dd\" data-element_type=\"container\" data-e-type=\"container\">\n\t\t\t\t<div class=\"elementor-element elementor-element-66d2204c elementor-widget__width-initial elementor-widget elementor-widget-image\" data-id=\"66d2204c\" data-element_type=\"widget\" data-e-type=\"widget\" data-widget_type=\"image.default\">\n\t\t\t\t<div class=\"elementor-widget-container\">\n\t\t\t\t\t\t\t\t\t\t\t\t\t\t\t<img loading=\"lazy\" decoding=\"async\" width=\"1365\" height=\"2048\" src=\"https:\/\/www.hoteldelavallee.com\/wp-content\/uploads\/2026\/02\/plat-restaurant-vue-mer-dinard-1.jpg\" class=\"attachment-full size-full wp-image-2867\" alt=\"\" srcset=\"https:\/\/www.hoteldelavallee.com\/wp-content\/uploads\/2026\/02\/plat-restaurant-vue-mer-dinard-1.jpg 1365w, https:\/\/www.hoteldelavallee.com\/wp-content\/uploads\/2026\/02\/plat-restaurant-vue-mer-dinard-1-200x300.jpg 200w, https:\/\/www.hoteldelavallee.com\/wp-content\/uploads\/2026\/02\/plat-restaurant-vue-mer-dinard-1-683x1024.jpg 683w, https:\/\/www.hoteldelavallee.com\/wp-content\/uploads\/2026\/02\/plat-restaurant-vue-mer-dinard-1-768x1152.jpg 768w, https:\/\/www.hoteldelavallee.com\/wp-content\/uploads\/2026\/02\/plat-restaurant-vue-mer-dinard-1-1024x1536.jpg 1024w, https:\/\/www.hoteldelavallee.com\/wp-content\/uploads\/2026\/02\/plat-restaurant-vue-mer-dinard-1-8x12.jpg 8w\" sizes=\"(max-width: 1365px) 100vw, 1365px\" title=\"\">\t\t\t\t\t\t\t\t\t\t\t\t\t\t\t<\/div>\n\t\t\t\t<\/div>\n\t\t<div class=\"elementor-element elementor-element-a3dff76 e-con-full e-flex e-con e-child\" data-id=\"a3dff76\" data-element_type=\"container\" data-e-type=\"container\">\n\t\t\t\t<div class=\"elementor-element elementor-element-4000d6c9 elementor-widget elementor-widget-heading\" data-id=\"4000d6c9\" data-element_type=\"widget\" data-e-type=\"widget\" data-widget_type=\"heading.default\">\n\t\t\t\t<div class=\"elementor-widget-container\">\n\t\t\t\t\t<span class=\"elementor-heading-title elementor-size-default\">Restaurant<\/span>\t\t\t\t<\/div>\n\t\t\t\t<\/div>\n\t\t<a class=\"elementor-element elementor-element-48f6c8d4 e-con-full common-cta-container e-flex e-con e-child\" data-id=\"48f6c8d4\" data-element_type=\"container\" data-e-type=\"container\" href=\"https:\/\/www.hoteldelavallee.com\/en\/restaurant\/\">\n\t\t\t\t<div class=\"elementor-element elementor-element-3e3f517b common-cta-text elementor-widget elementor-widget-text-editor\" data-id=\"3e3f517b\" data-element_type=\"widget\" data-e-type=\"widget\" data-widget_type=\"text-editor.default\">\n\t\t\t\t<div class=\"elementor-widget-container\">\n\t\t\t\t\t\t\t\t\t<p>Discover<\/p>\t\t\t\t\t\t\t\t<\/div>\n\t\t\t\t<\/div>\n\t\t\t\t<\/a>\n\t\t\t\t<\/div>\n\t\t\t\t<\/div>\n\t\t<div class=\"elementor-element elementor-element-4e33fd92 e-con-full e-flex e-con e-child\" data-id=\"4e33fd92\" data-element_type=\"container\" data-e-type=\"container\">\n\t\t<div class=\"elementor-element elementor-element-ce9ac53 e-con-full e-flex e-con e-child\" data-id=\"ce9ac53\" data-element_type=\"container\" data-e-type=\"container\">\n\t\t\t\t<div class=\"elementor-element elementor-element-f8d4c00 elementor-widget elementor-widget-heading\" data-id=\"f8d4c00\" data-element_type=\"widget\" data-e-type=\"widget\" data-widget_type=\"heading.default\">\n\t\t\t\t<div class=\"elementor-widget-container\">\n\t\t\t\t\t<span class=\"elementor-heading-title elementor-size-default\">Rooms<\/span>\t\t\t\t<\/div>\n\t\t\t\t<\/div>\n\t\t<a class=\"elementor-element elementor-element-1951abf3 e-con-full common-cta-container e-flex e-con e-child\" data-id=\"1951abf3\" data-element_type=\"container\" data-e-type=\"container\" href=\"https:\/\/www.hoteldelavallee.com\/en\/chambres\/\">\n\t\t\t\t<div class=\"elementor-element elementor-element-2f837085 common-cta-text elementor-widget elementor-widget-text-editor\" data-id=\"2f837085\" data-element_type=\"widget\" data-e-type=\"widget\" data-widget_type=\"text-editor.default\">\n\t\t\t\t<div class=\"elementor-widget-container\">\n\t\t\t\t\t\t\t\t\t<p>Discover<\/p>\t\t\t\t\t\t\t\t<\/div>\n\t\t\t\t<\/div>\n\t\t\t\t<\/a>\n\t\t\t\t<\/div>\n\t\t\t\t<div class=\"elementor-element elementor-element-38c33743 elementor-widget__width-initial elementor-widget elementor-widget-image\" data-id=\"38c33743\" data-element_type=\"widget\" data-e-type=\"widget\" data-widget_type=\"image.default\">\n\t\t\t\t<div class=\"elementor-widget-container\">\n\t\t\t\t\t\t\t\t\t\t\t\t\t\t\t<img loading=\"lazy\" decoding=\"async\" width=\"1365\" height=\"2048\" src=\"https:\/\/www.hoteldelavallee.com\/wp-content\/uploads\/2026\/02\/double-superieure-mer-balcon-1.jpg\" class=\"attachment-full size-full wp-image-2906\" alt=\"\" srcset=\"https:\/\/www.hoteldelavallee.com\/wp-content\/uploads\/2026\/02\/double-superieure-mer-balcon-1.jpg 1365w, https:\/\/www.hoteldelavallee.com\/wp-content\/uploads\/2026\/02\/double-superieure-mer-balcon-1-200x300.jpg 200w, https:\/\/www.hoteldelavallee.com\/wp-content\/uploads\/2026\/02\/double-superieure-mer-balcon-1-683x1024.jpg 683w, https:\/\/www.hoteldelavallee.com\/wp-content\/uploads\/2026\/02\/double-superieure-mer-balcon-1-768x1152.jpg 768w, https:\/\/www.hoteldelavallee.com\/wp-content\/uploads\/2026\/02\/double-superieure-mer-balcon-1-1024x1536.jpg 1024w, https:\/\/www.hoteldelavallee.com\/wp-content\/uploads\/2026\/02\/double-superieure-mer-balcon-1-8x12.jpg 8w\" sizes=\"(max-width: 1365px) 100vw, 1365px\" title=\"\">\t\t\t\t\t\t\t\t\t\t\t\t\t\t\t<\/div>\n\t\t\t\t<\/div>\n\t\t\t\t<\/div>\n\t\t\t\t\t<\/div>\n\t\t\t\t<\/div>\n\t\t\t\t<\/div>","protected":false},"excerpt":{"rendered":"<p>Les plages Activit\u00e9s &amp; excursions le c\u0153ur de Dinard Plage de l\u2019\u00c9cluse La plage de l\u2019\u00c9cluse, en centre-ville, s\u00e9duit par son sable fin et ses tentes ray\u00e9es. Bord\u00e9e de caf\u00e9s et d\u2019activit\u00e9s nautiques, elle accueille familles et nageurs. En \u00e9t\u00e9, l\u2019animation y est joyeuse, tandis qu\u2019en hors-saison la mer reprend ses droits, offrant tranquillit\u00e9 et [&hellip;]<\/p>\n","protected":false},"author":13,"featured_media":0,"parent":257,"menu_order":0,"comment_status":"closed","ping_status":"closed","template":"","meta":{"_acf_changed":false,"inline_featured_image":false,"footnotes":""},"class_list":["post-1348","page","type-page","status-publish","hentry"],"acf":[],"_links":{"self":[{"href":"https:\/\/www.hoteldelavallee.com\/en\/wp-json\/wp\/v2\/pages\/1348","targetHints":{"allow":["GET"]}}],"collection":[{"href":"https:\/\/www.hoteldelavallee.com\/en\/wp-json\/wp\/v2\/pages"}],"about":[{"href":"https:\/\/www.hoteldelavallee.com\/en\/wp-json\/wp\/v2\/types\/page"}],"author":[{"embeddable":true,"href":"https:\/\/www.hoteldelavallee.com\/en\/wp-json\/wp\/v2\/users\/13"}],"replies":[{"embeddable":true,"href":"https:\/\/www.hoteldelavallee.com\/en\/wp-json\/wp\/v2\/comments?post=1348"}],"version-history":[{"count":47,"href":"https:\/\/www.hoteldelavallee.com\/en\/wp-json\/wp\/v2\/pages\/1348\/revisions"}],"predecessor-version":[{"id":3125,"href":"https:\/\/www.hoteldelavallee.com\/en\/wp-json\/wp\/v2\/pages\/1348\/revisions\/3125"}],"up":[{"embeddable":true,"href":"https:\/\/www.hoteldelavallee.com\/en\/wp-json\/wp\/v2\/pages\/257"}],"wp:attachment":[{"href":"https:\/\/www.hoteldelavallee.com\/en\/wp-json\/wp\/v2\/media?parent=1348"}],"curies":[{"name":"wp","href":"https:\/\/api.w.org\/{rel}","templated":true}]}}