{"id":1341,"date":"2026-01-27T12:09:31","date_gmt":"2026-01-27T11:09:31","guid":{"rendered":"https:\/\/www.hoteldelavallee.com\/?page_id=1341"},"modified":"2026-02-12T12:31:37","modified_gmt":"2026-02-12T11:31:37","slug":"dinard-cite-balneaire","status":"publish","type":"page","link":"https:\/\/www.hoteldelavallee.com\/en\/tourisme\/dinard-cite-balneaire\/","title":{"rendered":"Dinard seaside resort"},"content":{"rendered":"<div data-elementor-type=\"wp-page\" data-elementor-id=\"1341\" class=\"elementor elementor-1341\" data-elementor-post-type=\"page\">\n\t\t\t\t<div class=\"elementor-element elementor-element-5fa51de9 e-flex e-con-boxed e-con e-parent\" data-id=\"5fa51de9\" data-element_type=\"container\" data-e-type=\"container\" data-settings=\"{&quot;background_background&quot;:&quot;classic&quot;}\">\n\t\t\t\t\t<div class=\"e-con-inner\">\n\t\t<div class=\"elementor-element elementor-element-4136ed21 e-con-full e-flex e-con e-child\" data-id=\"4136ed21\" data-element_type=\"container\" data-e-type=\"container\">\n\t\t\t\t<div class=\"elementor-element elementor-element-34984577 elementor-widget elementor-widget-text-editor\" data-id=\"34984577\" data-element_type=\"widget\" data-e-type=\"widget\" data-widget_type=\"text-editor.default\">\n\t\t\t\t<div class=\"elementor-widget-container\">\n\t\t\t\t\t\t\t\t\t<h1>Dinard seaside resort<\/h1>\t\t\t\t\t\t\t\t<\/div>\n\t\t\t\t<\/div>\n\t\t\t\t<div class=\"elementor-element elementor-element-221f130 elementor-widget elementor-widget-heading\" data-id=\"221f130\" data-element_type=\"widget\" data-e-type=\"widget\" data-widget_type=\"heading.default\">\n\t\t\t\t<div class=\"elementor-widget-container\">\n\t\t\t\t\t<span class=\"elementor-heading-title elementor-size-default\">Activities &amp; excursions<\/span>\t\t\t\t<\/div>\n\t\t\t\t<\/div>\n\t\t\t\t<div class=\"elementor-element elementor-element-5df59f86 hero-arrow elementor-view-default elementor-widget elementor-widget-icon\" data-id=\"5df59f86\" data-element_type=\"widget\" data-e-type=\"widget\" data-widget_type=\"icon.default\">\n\t\t\t\t<div class=\"elementor-widget-container\">\n\t\t\t\t\t\t\t<div class=\"elementor-icon-wrapper\">\n\t\t\t<a class=\"elementor-icon\" href=\"#introduction\">\n\t\t\t<svg xmlns=\"http:\/\/www.w3.org\/2000\/svg\" width=\"15\" height=\"8\" viewbox=\"0 0 15 8\" fill=\"none\"><path d=\"M0.5 0.5L7.02174 7.02174L13.5435 0.5\" stroke=\"white\" stroke-linecap=\"round\"><\/path><\/svg>\t\t\t<\/a>\n\t\t<\/div>\n\t\t\t\t\t\t<\/div>\n\t\t\t\t<\/div>\n\t\t\t\t<\/div>\n\t\t\t\t\t<\/div>\n\t\t\t\t<\/div>\n\t\t<div class=\"elementor-element elementor-element-7839eaf8 restauration-section_rotisserie global-anim_img-upwards e-flex e-con-boxed e-con e-parent\" data-id=\"7839eaf8\" data-element_type=\"container\" data-e-type=\"container\">\n\t\t\t\t\t<div class=\"e-con-inner\">\n\t\t<div class=\"elementor-element elementor-element-6db1c21a e-con-full e-flex e-con e-child\" data-id=\"6db1c21a\" data-element_type=\"container\" data-e-type=\"container\">\n\t\t<div class=\"elementor-element elementor-element-205ecbd9 e-con-full e-flex e-con e-child\" data-id=\"205ecbd9\" data-element_type=\"container\" data-e-type=\"container\">\n\t\t\t\t<div class=\"elementor-element elementor-element-4cc0d89b elementor-widget elementor-widget-heading\" data-id=\"4cc0d89b\" data-element_type=\"widget\" data-e-type=\"widget\" data-widget_type=\"heading.default\">\n\t\t\t\t<div class=\"elementor-widget-container\">\n\t\t\t\t\t<span class=\"elementor-heading-title elementor-size-default\">Discover Dinard<\/span>\t\t\t\t<\/div>\n\t\t\t\t<\/div>\n\t\t\t\t<div class=\"elementor-element elementor-element-639fa5f3 elementor-widget elementor-widget-heading\" data-id=\"639fa5f3\" data-element_type=\"widget\" data-e-type=\"widget\" data-widget_type=\"heading.default\">\n\t\t\t\t<div class=\"elementor-widget-container\">\n\t\t\t\t\t<h2 class=\"elementor-heading-title elementor-size-default\">Charm &amp; history<\/h2>\t\t\t\t<\/div>\n\t\t\t\t<\/div>\n\t\t\t\t<\/div>\n\t\t\t\t<div class=\"elementor-element elementor-element-12646fa0 global-content-width elementor-widget elementor-widget-text-editor\" data-id=\"12646fa0\" data-element_type=\"widget\" data-e-type=\"widget\" data-widget_type=\"text-editor.default\">\n\t\t\t\t<div class=\"elementor-widget-container\">\n\t\t\t\t\t\t\t\t\t<p>An elegant seaside resort, Dinard boasts Belle \u00c9poque villas, lively beaches and bountiful markets. Between coastal walks and festivals, the town blends art de vivre with cultural vitality. From the hotel, everything is within walking distance: quays, boutiques and caf\u00e9s. Dinard invites you to stroll, marvel and return, according to the rhythm of the tides and the ever-surprising seasons.<\/p>\t\t\t\t\t\t\t\t<\/div>\n\t\t\t\t<\/div>\n\t\t\t\t<\/div>\n\t\t\t\t<div class=\"elementor-element elementor-element-42e11f84 elementor-widget__width-initial img img-upwards elementor-widget elementor-widget-image\" data-id=\"42e11f84\" data-element_type=\"widget\" data-e-type=\"widget\" data-widget_type=\"image.default\">\n\t\t\t\t<div class=\"elementor-widget-container\">\n\t\t\t\t\t\t\t\t\t\t\t\t\t\t\t<img fetchpriority=\"high\" decoding=\"async\" width=\"2048\" height=\"1399\" src=\"https:\/\/www.hoteldelavallee.com\/wp-content\/uploads\/2026\/02\/dinard-2.webp\" class=\"attachment-full size-full wp-image-2820\" alt=\"\" srcset=\"https:\/\/www.hoteldelavallee.com\/wp-content\/uploads\/2026\/02\/dinard-2.webp 2048w, https:\/\/www.hoteldelavallee.com\/wp-content\/uploads\/2026\/02\/dinard-2-300x205.webp 300w, https:\/\/www.hoteldelavallee.com\/wp-content\/uploads\/2026\/02\/dinard-2-1024x700.webp 1024w, https:\/\/www.hoteldelavallee.com\/wp-content\/uploads\/2026\/02\/dinard-2-768x525.webp 768w, https:\/\/www.hoteldelavallee.com\/wp-content\/uploads\/2026\/02\/dinard-2-1536x1049.webp 1536w, https:\/\/www.hoteldelavallee.com\/wp-content\/uploads\/2026\/02\/dinard-2-18x12.webp 18w\" sizes=\"(max-width: 2048px) 100vw, 2048px\" title=\"\">\t\t\t\t\t\t\t\t\t\t\t\t\t\t\t<\/div>\n\t\t\t\t<\/div>\n\t\t\t\t\t<\/div>\n\t\t\t\t<\/div>\n\t\t<div class=\"elementor-element elementor-element-7d6bc7e8 restauration-section_creperie global-anim_img-upwards e-flex e-con-boxed e-con e-parent\" data-id=\"7d6bc7e8\" data-element_type=\"container\" data-e-type=\"container\">\n\t\t\t\t\t<div class=\"e-con-inner\">\n\t\t\t\t<div class=\"elementor-element elementor-element-37bf283e elementor-widget__width-initial img img-upwards elementor-widget elementor-widget-image\" data-id=\"37bf283e\" data-element_type=\"widget\" data-e-type=\"widget\" data-widget_type=\"image.default\">\n\t\t\t\t<div class=\"elementor-widget-container\">\n\t\t\t\t\t\t\t\t\t\t\t\t\t\t\t<img decoding=\"async\" width=\"1468\" height=\"2041\" src=\"https:\/\/www.hoteldelavallee.com\/wp-content\/uploads\/2026\/02\/dinard-1-1.webp\" class=\"attachment-full size-full wp-image-2819\" alt=\"\" srcset=\"https:\/\/www.hoteldelavallee.com\/wp-content\/uploads\/2026\/02\/dinard-1-1.webp 1468w, https:\/\/www.hoteldelavallee.com\/wp-content\/uploads\/2026\/02\/dinard-1-1-216x300.webp 216w, https:\/\/www.hoteldelavallee.com\/wp-content\/uploads\/2026\/02\/dinard-1-1-737x1024.webp 737w, https:\/\/www.hoteldelavallee.com\/wp-content\/uploads\/2026\/02\/dinard-1-1-768x1068.webp 768w, https:\/\/www.hoteldelavallee.com\/wp-content\/uploads\/2026\/02\/dinard-1-1-1105x1536.webp 1105w, https:\/\/www.hoteldelavallee.com\/wp-content\/uploads\/2026\/02\/dinard-1-1-9x12.webp 9w\" sizes=\"(max-width: 1468px) 100vw, 1468px\" title=\"\">\t\t\t\t\t\t\t\t\t\t\t\t\t\t\t<\/div>\n\t\t\t\t<\/div>\n\t\t<div class=\"elementor-element elementor-element-471a991b e-con-full e-flex e-con e-child\" data-id=\"471a991b\" data-element_type=\"container\" data-e-type=\"container\">\n\t\t<div class=\"elementor-element elementor-element-322e1c4a e-con-full e-flex e-con e-child\" data-id=\"322e1c4a\" data-element_type=\"container\" data-e-type=\"container\">\n\t\t\t\t<div class=\"elementor-element elementor-element-6a1ccac1 elementor-widget elementor-widget-heading\" data-id=\"6a1ccac1\" data-element_type=\"widget\" data-e-type=\"widget\" data-widget_type=\"heading.default\">\n\t\t\t\t<div class=\"elementor-widget-container\">\n\t\t\t\t\t<span class=\"elementor-heading-title elementor-size-default\">Dinard, the seaside resort<\/span>\t\t\t\t<\/div>\n\t\t\t\t<\/div>\n\t\t\t\t<div class=\"elementor-element elementor-element-3e49e0ae elementor-widget elementor-widget-heading\" data-id=\"3e49e0ae\" data-element_type=\"widget\" data-e-type=\"widget\" data-widget_type=\"heading.default\">\n\t\t\t\t<div class=\"elementor-widget-container\">\n\t\t\t\t\t<h2 class=\"elementor-heading-title elementor-size-default\">the gateway to the coast\n<\/h2>\t\t\t\t<\/div>\n\t\t\t\t<\/div>\n\t\t\t\t<\/div>\n\t\t\t\t<div class=\"elementor-element elementor-element-17c8f6e3 global-content-width elementor-widget elementor-widget-text-editor\" data-id=\"17c8f6e3\" data-element_type=\"widget\" data-e-type=\"widget\" data-widget_type=\"text-editor.default\">\n\t\t\t\t<div class=\"elementor-widget-container\">\n\t\t\t\t\t\t\t\t\t<p>Facing Saint-Malo, Dinard is strategically located for exploring the Emerald Coast. From the seawall to the Jardin du Clair de Lune, every angle reveals a different view: coves, cliffs and villas. Events punctuate the year - cinema, music, sport - offering visitors a range of experiences, from seaside relaxation and heritage discoveries to maritime escapades to nearby islands.<\/p><p>\u00a0<\/p>\t\t\t\t\t\t\t\t<\/div>\n\t\t\t\t<\/div>\n\t\t\t\t<\/div>\n\t\t\t\t\t<\/div>\n\t\t\t\t<\/div>\n\t\t<div class=\"elementor-element elementor-element-1431815b e-flex e-con-boxed e-con e-parent\" data-id=\"1431815b\" data-element_type=\"container\" data-e-type=\"container\">\n\t\t\t\t\t<div class=\"e-con-inner\">\n\t\t<div class=\"elementor-element elementor-element-684255b4 e-con-full e-flex e-con e-child\" data-id=\"684255b4\" data-element_type=\"container\" data-e-type=\"container\">\n\t\t<div class=\"elementor-element elementor-element-210d54 e-con-full e-flex e-con e-child\" data-id=\"210d54\" data-element_type=\"container\" data-e-type=\"container\">\n\t\t\t\t<div class=\"elementor-element elementor-element-1b7250bf elementor-widget elementor-widget-heading\" data-id=\"1b7250bf\" data-element_type=\"widget\" data-e-type=\"widget\" data-widget_type=\"heading.default\">\n\t\t\t\t<div class=\"elementor-widget-container\">\n\t\t\t\t\t<span class=\"elementor-heading-title elementor-size-default\">Restaurant<\/span>\t\t\t\t<\/div>\n\t\t\t\t<\/div>\n\t\t<a class=\"elementor-element elementor-element-75a6494d e-con-full common-cta-container e-flex e-con e-child\" data-id=\"75a6494d\" data-element_type=\"container\" data-e-type=\"container\" href=\"https:\/\/www.hoteldelavallee.com\/en\/restaurant\/\">\n\t\t\t\t<div class=\"elementor-element elementor-element-23fe3a14 common-cta-text elementor-widget elementor-widget-text-editor\" data-id=\"23fe3a14\" data-element_type=\"widget\" data-e-type=\"widget\" data-widget_type=\"text-editor.default\">\n\t\t\t\t<div class=\"elementor-widget-container\">\n\t\t\t\t\t\t\t\t\t<p>Discover<\/p>\t\t\t\t\t\t\t\t<\/div>\n\t\t\t\t<\/div>\n\t\t\t\t<\/a>\n\t\t\t\t<\/div>\n\t\t\t\t<div class=\"elementor-element elementor-element-5942f9a9 elementor-widget__width-initial elementor-widget-mobile__width-initial elementor-widget elementor-widget-image\" data-id=\"5942f9a9\" data-element_type=\"widget\" data-e-type=\"widget\" data-widget_type=\"image.default\">\n\t\t\t\t<div class=\"elementor-widget-container\">\n\t\t\t\t\t\t\t\t\t\t\t\t\t\t\t<img decoding=\"async\" width=\"1365\" height=\"2048\" src=\"https:\/\/www.hoteldelavallee.com\/wp-content\/uploads\/2026\/02\/aperitif-terrasse-la-vallee.jpg\" class=\"attachment-full size-full wp-image-2949\" alt=\"\" srcset=\"https:\/\/www.hoteldelavallee.com\/wp-content\/uploads\/2026\/02\/aperitif-terrasse-la-vallee.jpg 1365w, https:\/\/www.hoteldelavallee.com\/wp-content\/uploads\/2026\/02\/aperitif-terrasse-la-vallee-200x300.jpg 200w, https:\/\/www.hoteldelavallee.com\/wp-content\/uploads\/2026\/02\/aperitif-terrasse-la-vallee-683x1024.jpg 683w, https:\/\/www.hoteldelavallee.com\/wp-content\/uploads\/2026\/02\/aperitif-terrasse-la-vallee-768x1152.jpg 768w, https:\/\/www.hoteldelavallee.com\/wp-content\/uploads\/2026\/02\/aperitif-terrasse-la-vallee-1024x1536.jpg 1024w, https:\/\/www.hoteldelavallee.com\/wp-content\/uploads\/2026\/02\/aperitif-terrasse-la-vallee-8x12.jpg 8w\" sizes=\"(max-width: 1365px) 100vw, 1365px\" title=\"\">\t\t\t\t\t\t\t\t\t\t\t\t\t\t\t<\/div>\n\t\t\t\t<\/div>\n\t\t\t\t<\/div>\n\t\t<div class=\"elementor-element elementor-element-669feb58 e-con-full e-flex e-con e-child\" data-id=\"669feb58\" data-element_type=\"container\" data-e-type=\"container\">\n\t\t\t\t<div class=\"elementor-element elementor-element-2f664b2f elementor-widget__width-initial elementor-widget elementor-widget-image\" data-id=\"2f664b2f\" data-element_type=\"widget\" data-e-type=\"widget\" data-widget_type=\"image.default\">\n\t\t\t\t<div class=\"elementor-widget-container\">\n\t\t\t\t\t\t\t\t\t\t\t\t\t\t\t<img loading=\"lazy\" decoding=\"async\" width=\"1365\" height=\"2048\" src=\"https:\/\/www.hoteldelavallee.com\/wp-content\/uploads\/2026\/02\/salle-restaurant-.jpg\" class=\"attachment-full size-full wp-image-2883\" alt=\"\" srcset=\"https:\/\/www.hoteldelavallee.com\/wp-content\/uploads\/2026\/02\/salle-restaurant-.jpg 1365w, https:\/\/www.hoteldelavallee.com\/wp-content\/uploads\/2026\/02\/salle-restaurant--200x300.jpg 200w, https:\/\/www.hoteldelavallee.com\/wp-content\/uploads\/2026\/02\/salle-restaurant--683x1024.jpg 683w, https:\/\/www.hoteldelavallee.com\/wp-content\/uploads\/2026\/02\/salle-restaurant--768x1152.jpg 768w, https:\/\/www.hoteldelavallee.com\/wp-content\/uploads\/2026\/02\/salle-restaurant--1024x1536.jpg 1024w, https:\/\/www.hoteldelavallee.com\/wp-content\/uploads\/2026\/02\/salle-restaurant--8x12.jpg 8w\" sizes=\"(max-width: 1365px) 100vw, 1365px\" title=\"\">\t\t\t\t\t\t\t\t\t\t\t\t\t\t\t<\/div>\n\t\t\t\t<\/div>\n\t\t<div class=\"elementor-element elementor-element-5828b836 e-con-full e-flex e-con e-child\" data-id=\"5828b836\" data-element_type=\"container\" data-e-type=\"container\">\n\t\t\t\t<div class=\"elementor-element elementor-element-59cc7531 elementor-widget elementor-widget-heading\" data-id=\"59cc7531\" data-element_type=\"widget\" data-e-type=\"widget\" data-widget_type=\"heading.default\">\n\t\t\t\t<div class=\"elementor-widget-container\">\n\t\t\t\t\t<span class=\"elementor-heading-title elementor-size-default\">Seminars<\/span>\t\t\t\t<\/div>\n\t\t\t\t<\/div>\n\t\t<a class=\"elementor-element elementor-element-2936a695 e-con-full common-cta-container e-flex e-con e-child\" data-id=\"2936a695\" data-element_type=\"container\" data-e-type=\"container\" href=\"https:\/\/www.hoteldelavallee.com\/en\/seminaire\/\">\n\t\t\t\t<div class=\"elementor-element elementor-element-4ab5edc1 common-cta-text elementor-widget elementor-widget-text-editor\" data-id=\"4ab5edc1\" data-element_type=\"widget\" data-e-type=\"widget\" data-widget_type=\"text-editor.default\">\n\t\t\t\t<div class=\"elementor-widget-container\">\n\t\t\t\t\t\t\t\t\t<p>Discover<\/p>\t\t\t\t\t\t\t\t<\/div>\n\t\t\t\t<\/div>\n\t\t\t\t<\/a>\n\t\t\t\t<\/div>\n\t\t\t\t<\/div>\n\t\t<div class=\"elementor-element elementor-element-539e3c75 e-con-full e-flex e-con e-child\" data-id=\"539e3c75\" data-element_type=\"container\" data-e-type=\"container\">\n\t\t<div class=\"elementor-element elementor-element-14064940 e-con-full e-flex e-con e-child\" data-id=\"14064940\" data-element_type=\"container\" data-e-type=\"container\">\n\t\t\t\t<div class=\"elementor-element elementor-element-5647c09a elementor-widget elementor-widget-heading\" data-id=\"5647c09a\" data-element_type=\"widget\" data-e-type=\"widget\" data-widget_type=\"heading.default\">\n\t\t\t\t<div class=\"elementor-widget-container\">\n\t\t\t\t\t<span class=\"elementor-heading-title elementor-size-default\">Rooms<\/span>\t\t\t\t<\/div>\n\t\t\t\t<\/div>\n\t\t<a class=\"elementor-element elementor-element-797d26bf e-con-full common-cta-container e-flex e-con e-child\" data-id=\"797d26bf\" data-element_type=\"container\" data-e-type=\"container\" href=\"https:\/\/www.hoteldelavallee.com\/en\/chambres\/\">\n\t\t\t\t<div class=\"elementor-element elementor-element-3f1fcf5f common-cta-text elementor-widget elementor-widget-text-editor\" data-id=\"3f1fcf5f\" data-element_type=\"widget\" data-e-type=\"widget\" data-widget_type=\"text-editor.default\">\n\t\t\t\t<div class=\"elementor-widget-container\">\n\t\t\t\t\t\t\t\t\t<p>Discover<\/p>\t\t\t\t\t\t\t\t<\/div>\n\t\t\t\t<\/div>\n\t\t\t\t<\/a>\n\t\t\t\t<\/div>\n\t\t\t\t<div class=\"elementor-element elementor-element-7913e939 elementor-widget__width-initial elementor-widget elementor-widget-image\" data-id=\"7913e939\" data-element_type=\"widget\" data-e-type=\"widget\" data-widget_type=\"image.default\">\n\t\t\t\t<div class=\"elementor-widget-container\">\n\t\t\t\t\t\t\t\t\t\t\t\t\t\t\t<img loading=\"lazy\" decoding=\"async\" width=\"1365\" height=\"2048\" src=\"https:\/\/www.hoteldelavallee.com\/wp-content\/uploads\/2026\/02\/double-superieure-mer-balcon-1.jpg\" class=\"attachment-full size-full wp-image-2906\" alt=\"\" srcset=\"https:\/\/www.hoteldelavallee.com\/wp-content\/uploads\/2026\/02\/double-superieure-mer-balcon-1.jpg 1365w, https:\/\/www.hoteldelavallee.com\/wp-content\/uploads\/2026\/02\/double-superieure-mer-balcon-1-200x300.jpg 200w, https:\/\/www.hoteldelavallee.com\/wp-content\/uploads\/2026\/02\/double-superieure-mer-balcon-1-683x1024.jpg 683w, https:\/\/www.hoteldelavallee.com\/wp-content\/uploads\/2026\/02\/double-superieure-mer-balcon-1-768x1152.jpg 768w, https:\/\/www.hoteldelavallee.com\/wp-content\/uploads\/2026\/02\/double-superieure-mer-balcon-1-1024x1536.jpg 1024w, https:\/\/www.hoteldelavallee.com\/wp-content\/uploads\/2026\/02\/double-superieure-mer-balcon-1-8x12.jpg 8w\" sizes=\"(max-width: 1365px) 100vw, 1365px\" title=\"\">\t\t\t\t\t\t\t\t\t\t\t\t\t\t\t<\/div>\n\t\t\t\t<\/div>\n\t\t\t\t<\/div>\n\t\t\t\t\t<\/div>\n\t\t\t\t<\/div>\n\t\t\t\t<\/div>","protected":false},"excerpt":{"rendered":"<p>Dinard cit\u00e9 baln\u00e9aire Activit\u00e9s &amp; excursions D\u00e9couvrez Dinard Charme &amp; histoire Station baln\u00e9aire \u00e9l\u00e9gante, Dinard d\u00e9voile villas Belle \u00c9poque, plages anim\u00e9es et march\u00e9s g\u00e9n\u00e9reux. Entre promenades c\u00f4ti\u00e8res et festivals, la ville m\u00eale art de vivre et vitalit\u00e9 culturelle. \u00c0 partir de l\u2019h\u00f4tel, tout se parcourt \u00e0 pied : quais, boutiques et caf\u00e9s. Dinard invite \u00e0 [&hellip;]<\/p>\n","protected":false},"author":13,"featured_media":0,"parent":257,"menu_order":0,"comment_status":"closed","ping_status":"closed","template":"","meta":{"_acf_changed":false,"inline_featured_image":false,"footnotes":""},"class_list":["post-1341","page","type-page","status-publish","hentry"],"acf":[],"_links":{"self":[{"href":"https:\/\/www.hoteldelavallee.com\/en\/wp-json\/wp\/v2\/pages\/1341","targetHints":{"allow":["GET"]}}],"collection":[{"href":"https:\/\/www.hoteldelavallee.com\/en\/wp-json\/wp\/v2\/pages"}],"about":[{"href":"https:\/\/www.hoteldelavallee.com\/en\/wp-json\/wp\/v2\/types\/page"}],"author":[{"embeddable":true,"href":"https:\/\/www.hoteldelavallee.com\/en\/wp-json\/wp\/v2\/users\/13"}],"replies":[{"embeddable":true,"href":"https:\/\/www.hoteldelavallee.com\/en\/wp-json\/wp\/v2\/comments?post=1341"}],"version-history":[{"count":39,"href":"https:\/\/www.hoteldelavallee.com\/en\/wp-json\/wp\/v2\/pages\/1341\/revisions"}],"predecessor-version":[{"id":3126,"href":"https:\/\/www.hoteldelavallee.com\/en\/wp-json\/wp\/v2\/pages\/1341\/revisions\/3126"}],"up":[{"embeddable":true,"href":"https:\/\/www.hoteldelavallee.com\/en\/wp-json\/wp\/v2\/pages\/257"}],"wp:attachment":[{"href":"https:\/\/www.hoteldelavallee.com\/en\/wp-json\/wp\/v2\/media?parent=1341"}],"curies":[{"name":"wp","href":"https:\/\/api.w.org\/{rel}","templated":true}]}}